{"id":239,"date":"2016-12-04T14:44:39","date_gmt":"2016-12-04T14:44:39","guid":{"rendered":"http:\/\/www.globalpartners.com.tr\/?page_id=239\/"},"modified":"2020-05-10T07:44:55","modified_gmt":"2020-05-10T07:44:55","slug":"yayinlarimiz","status":"publish","type":"page","link":"https:\/\/globalpartners.com.tr\/tr\/yayinlarimiz\/","title":{"rendered":"Yay\u0131nlar\u0131m\u0131z"},"content":{"rendered":"<p>[vc_row][vc_column][vc_row_inner css=&#8221;.vc_custom_1480862248524{padding-top: 50px !important;}&#8221;][vc_column_inner width=&#8221;1\/4&#8243;][vc_single_image image=&#8221;230&#8243; img_size=&#8221;full&#8221;][\/vc_column_inner][vc_column_inner width=&#8221;3\/4&#8243; css=&#8221;.vc_custom_1480862255677{margin-left: -100px !important;}&#8221;][vc_btn title=&#8221;Global Partners 2020 B\u00fclteni&#8221; i_icon_fontawesome=&#8221;fa fa-download&#8221; css_animation=&#8221;fadeIn&#8221; add_icon=&#8221;true&#8221; css=&#8221;.vc_custom_1579867298985{padding-top: 50px !important;}&#8221; link=&#8221;url:http%3A%2F%2Fbit.ly%2F2GgppRA||target:%20_blank|&#8221;][\/vc_column_inner][\/vc_row_inner][vc_row_inner css=&#8221;.vc_custom_1480862248524{padding-top: 50px !important;}&#8221;][vc_column_inner width=&#8221;1\/4&#8243;][vc_single_image image=&#8221;230&#8243; img_size=&#8221;full&#8221;][\/vc_column_inner][vc_column_inner width=&#8221;3\/4&#8243; css=&#8221;.vc_custom_1480862255677{margin-left: -100px !important;}&#8221;][vc_btn title=&#8221;T\u00fcrkiye&#8217;de Giri\u015fimcili\u011fin Finansman Sorunlar\u0131&#8221; i_icon_fontawesome=&#8221;fa fa-download&#8221; css_animation=&#8221;fadeIn&#8221; add_icon=&#8221;true&#8221; css=&#8221;.vc_custom_1549129525618{padding-top: 50px !important;}&#8221; link=&#8221;url:https%3A%2F%2Fbit.ly%2F2Rzu3xd|||&#8221;][\/vc_column_inner][\/vc_row_inner][vc_row_inner css=&#8221;.vc_custom_1480862248524{padding-top: 50px !important;}&#8221;][vc_column_inner width=&#8221;1\/4&#8243;][vc_single_image image=&#8221;230&#8243; img_size=&#8221;full&#8221;][\/vc_column_inner][vc_column_inner width=&#8221;3\/4&#8243; css=&#8221;.vc_custom_1480862255677{margin-left: -100px !important;}&#8221;][vc_btn title=&#8221;Konkordato&#8221; i_icon_fontawesome=&#8221;fa fa-download&#8221; css_animation=&#8221;fadeIn&#8221; add_icon=&#8221;true&#8221; css=&#8221;.vc_custom_1549129455948{padding-top: 50px !important;}&#8221; link=&#8221;url:https%3A%2F%2Fbit.ly%2F2DPmU8n|||&#8221;][\/vc_column_inner][\/vc_row_inner][vc_row_inner css=&#8221;.vc_custom_1480862248524{padding-top: 50px !important;}&#8221;][vc_column_inner width=&#8221;1\/4&#8243;][vc_single_image image=&#8221;230&#8243; img_size=&#8221;full&#8221;][\/vc_column_inner][vc_column_inner width=&#8221;3\/4&#8243; css=&#8221;.vc_custom_1480862255677{margin-left: -100px !important;}&#8221;][vc_btn title=&#8221;Global Partners 2019 B\u00fclteni&#8221; i_icon_fontawesome=&#8221;fa fa-download&#8221; css_animation=&#8221;fadeIn&#8221; add_icon=&#8221;true&#8221; css=&#8221;.vc_custom_1549625535780{padding-top: 50px !important;}&#8221; link=&#8221;url:https%3A%2F%2Fbit.ly%2F2WYDKJI|||&#8221;][\/vc_column_inner][\/vc_row_inner][vc_row_inner css=&#8221;.vc_custom_1480862248524{padding-top: 50px !important;}&#8221;][vc_column_inner width=&#8221;1\/4&#8243;][vc_single_image image=&#8221;230&#8243; img_size=&#8221;full&#8221;][\/vc_column_inner][vc_column_inner width=&#8221;3\/4&#8243; css=&#8221;.vc_custom_1480862255677{margin-left: -100px !important;}&#8221;][vc_btn title=&#8221;Kredi Garanti Fonu (KGF)&#8221; i_icon_fontawesome=&#8221;fa fa-download&#8221; css_animation=&#8221;fadeIn&#8221; add_icon=&#8221;true&#8221; css=&#8221;.vc_custom_1536314550257{padding-top: 50px !important;}&#8221; link=&#8221;url:http%3A%2F%2Fbit.ly%2F2Qa6WKd|||&#8221;][\/vc_column_inner][\/vc_row_inner][vc_row_inner css=&#8221;.vc_custom_1480862248524{padding-top: 50px !important;}&#8221;][vc_column_inner width=&#8221;1\/4&#8243;][vc_single_image image=&#8221;230&#8243; img_size=&#8221;full&#8221;][\/vc_column_inner][vc_column_inner width=&#8221;3\/4&#8243; css=&#8221;.vc_custom_1480862255677{margin-left: -100px !important;}&#8221;][vc_btn title=&#8221;Makina ve Metal E\u015fya Sekt\u00f6r\u00fc&#8221; i_icon_fontawesome=&#8221;fa fa-download&#8221; css_animation=&#8221;fadeIn&#8221; add_icon=&#8221;true&#8221; css=&#8221;.vc_custom_1517905526877{padding-top: 50px !important;}&#8221; link=&#8221;url:http%3A%2F%2Fbit.ly%2F2Be3sl5|||&#8221;][\/vc_column_inner][\/vc_row_inner][vc_row_inner css=&#8221;.vc_custom_1480862248524{padding-top: 50px !important;}&#8221;][vc_column_inner width=&#8221;1\/4&#8243;][vc_single_image image=&#8221;230&#8243; img_size=&#8221;full&#8221;][\/vc_column_inner][vc_column_inner width=&#8221;3\/4&#8243; css=&#8221;.vc_custom_1480862255677{margin-left: -100px !important;}&#8221;][vc_btn title=&#8221;Global Partners 2018 B\u00fclteni&#8221; i_icon_fontawesome=&#8221;fa fa-download&#8221; css_animation=&#8221;fadeIn&#8221; add_icon=&#8221;true&#8221; css=&#8221;.vc_custom_1517905539862{padding-top: 50px !important;}&#8221; link=&#8221;url:http%3A%2F%2Fbit.ly%2F2BL5MAW|||&#8221;][\/vc_column_inner][\/vc_row_inner][vc_row_inner css=&#8221;.vc_custom_1480862248524{padding-top: 50px !important;}&#8221;][vc_column_inner width=&#8221;1\/4&#8243;][vc_single_image image=&#8221;230&#8243; img_size=&#8221;full&#8221;][\/vc_column_inner][vc_column_inner width=&#8221;3\/4&#8243; css=&#8221;.vc_custom_1480862255677{margin-left: -100px !important;}&#8221;][vc_btn title=&#8221;Bit Coin Ger\u00e7ekleri&#8221; i_icon_fontawesome=&#8221;fa fa-download&#8221; css_animation=&#8221;fadeIn&#8221; add_icon=&#8221;true&#8221; css=&#8221;.vc_custom_1515753233838{padding-top: 50px !important;}&#8221; link=&#8221;url:http%3A%2F%2Fbit.ly%2F2mlfiRi|||&#8221;][\/vc_column_inner][\/vc_row_inner][vc_row_inner css=&#8221;.vc_custom_1480862248524{padding-top: 50px !important;}&#8221;][vc_column_inner width=&#8221;1\/4&#8243;][vc_single_image image=&#8221;230&#8243; img_size=&#8221;full&#8221;][\/vc_column_inner][vc_column_inner width=&#8221;3\/4&#8243; css=&#8221;.vc_custom_1480862255677{margin-left: -100px !important;}&#8221;][vc_btn title=&#8221;Global Partners Press Release&#8221; i_icon_fontawesome=&#8221;fa fa-download&#8221; css_animation=&#8221;fadeIn&#8221; add_icon=&#8221;true&#8221; css=&#8221;.vc_custom_1491751547080{padding-top: 50px !important;}&#8221; link=&#8221;url:http%3A%2F%2Fbit.ly%2F2oSXC2G|||&#8221;][\/vc_column_inner][\/vc_row_inner][vc_row_inner css=&#8221;.vc_custom_1480862248524{padding-top: 50px !important;}&#8221;][vc_column_inner width=&#8221;1\/4&#8243;][vc_single_image image=&#8221;230&#8243; img_size=&#8221;full&#8221;][\/vc_column_inner][vc_column_inner width=&#8221;3\/4&#8243; css=&#8221;.vc_custom_1480862255677{margin-left: -100px !important;}&#8221;][vc_btn title=&#8221;Global Partners 2017 B\u00fclteni&#8221; i_icon_fontawesome=&#8221;fa fa-download&#8221; css_animation=&#8221;fadeIn&#8221; add_icon=&#8221;true&#8221; css=&#8221;.vc_custom_1517905592443{padding-top: 50px !important;}&#8221; link=&#8221;url:http%3A%2F%2Fbit.ly%2F2jvrXiK|||&#8221;][\/vc_column_inner][\/vc_row_inner][vc_row_inner css=&#8221;.vc_custom_1480862248524{padding-top: 50px !important;}&#8221;][vc_column_inner width=&#8221;1\/4&#8243;][vc_single_image image=&#8221;230&#8243; img_size=&#8221;full&#8221;][\/vc_column_inner][vc_column_inner width=&#8221;3\/4&#8243; css=&#8221;.vc_custom_1480862255677{margin-left: -100px !important;}&#8221;][vc_btn title=&#8221;T\u00fcrkiye ve D\u00fcnya&#8217;da Elektrik Sekt\u00f6r\u00fc&#8221; i_icon_fontawesome=&#8221;fa fa-download&#8221; css_animation=&#8221;fadeIn&#8221; add_icon=&#8221;true&#8221; css=&#8221;.vc_custom_1480862549538{padding-top: 50px !important;}&#8221; link=&#8221;url:http%3A%2F%2Fbit.ly%2F2gCGjhC|||&#8221;][\/vc_column_inner][\/vc_row_inner][vc_row_inner css=&#8221;.vc_custom_1480862248524{padding-top: 50px !important;}&#8221;][vc_column_inner width=&#8221;1\/4&#8243;][vc_single_image image=&#8221;230&#8243; img_size=&#8221;full&#8221;][\/vc_column_inner][vc_column_inner width=&#8221;3\/4&#8243; css=&#8221;.vc_custom_1480862255677{margin-left: -100px !important;}&#8221;][vc_btn title=&#8221;\u00d6zel Sermaye Fonlar\u0131&#8221; i_icon_fontawesome=&#8221;fa fa-download&#8221; css_animation=&#8221;fadeIn&#8221; add_icon=&#8221;true&#8221; css=&#8221;.vc_custom_1480862622890{padding-top: 50px !important;}&#8221; link=&#8221;url:http%3A%2F%2Fbit.ly%2F2gPWbLE|||&#8221;][\/vc_column_inner][\/vc_row_inner][\/vc_column][\/vc_row]<\/p>\n","protected":false},"excerpt":{"rendered":"<p>[vc_row][vc_column][vc_row_inner css=&#8221;.vc_custom_1480862248524{padding-top: 50px !important;}&#8221;][vc_column_inner width=&#8221;1\/4&#8243;][vc_single_image image=&#8221;230&#8243; img_size=&#8221;full&#8221;][\/vc_column_inner][vc_column_inner width=&#8221;3\/4&#8243; css=&#8221;.vc_custom_1480862255677{margin-left: -100px !important;}&#8221;][vc_btn title=&#8221;Global Partners 2020 B\u00fclteni&#8221; i_icon_fontawesome=&#8221;fa fa-download&#8221; css_animation=&#8221;fadeIn&#8221; add_icon=&#8221;true&#8221; css=&#8221;.vc_custom_1579867298985{padding-top: 50px !important;}&#8221; link=&#8221;url:http%3A%2F%2Fbit.ly%2F2GgppRA||target:%20_blank|&#8221;][\/vc_column_inner][\/vc_row_inner][vc_row_inner css=&#8221;.vc_custom_1480862248524{padding-top: 50px !important;}&#8221;][vc_column_inner width=&#8221;1\/4&#8243;][vc_single_image image=&#8221;230&#8243; img_size=&#8221;full&#8221;][\/vc_column_inner][vc_column_inner width=&#8221;3\/4&#8243; css=&#8221;.vc_custom_1480862255677{margin-left: -100px !important;}&#8221;][vc_btn title=&#8221;T\u00fcrkiye&#8217;de Giri\u015fimcili\u011fin Finansman Sorunlar\u0131&#8221; i_icon_fontawesome=&#8221;fa fa-download&#8221; css_animation=&#8221;fadeIn&#8221; add_icon=&#8221;true&#8221; css=&#8221;.vc_custom_1549129525618{padding-top: 50px !important;}&#8221; link=&#8221;url:https%3A%2F%2Fbit.ly%2F2Rzu3xd|||&#8221;][\/vc_column_inner][\/vc_row_inner][vc_row_inner css=&#8221;.vc_custom_1480862248524{padding-top: 50px !important;}&#8221;][vc_column_inner width=&#8221;1\/4&#8243;][vc_single_image image=&#8221;230&#8243; img_size=&#8221;full&#8221;][\/vc_column_inner][vc_column_inner width=&#8221;3\/4&#8243; css=&#8221;.vc_custom_1480862255677{margin-left: -100px !important;}&#8221;][vc_btn [&hellip;]<\/p>\n","protected":false},"author":1,"featured_media":0,"parent":0,"menu_order":0,"comment_status":"closed","ping_status":"closed","template":"","meta":{"footnotes":""},"class_list":["post-239","page","type-page","status-publish","hentry"],"yoast_head":"<!-- This site is optimized with the Yoast SEO plugin v24.9 - https:\/\/yoast.com\/wordpress\/plugins\/seo\/ -->\n<title>Yay\u0131nlar\u0131m\u0131z - Global Partners<\/title>\n<meta name=\"robots\" content=\"index, follow, max-snippet:-1, max-image-preview:large, max-video-preview:-1\" \/>\n<link rel=\"canonical\" href=\"https:\/\/globalpartners.com.tr\/tr\/yayinlarimiz\/\" \/>\n<meta property=\"og:locale\" content=\"tr_TR\" \/>\n<meta property=\"og:type\" content=\"article\" \/>\n<meta property=\"og:title\" content=\"Yay\u0131nlar\u0131m\u0131z - Global Partners\" \/>\n<meta property=\"og:description\" content=\"[vc_row][vc_column][vc_row_inner css=&#8221;.vc_custom_1480862248524{padding-top: 50px !important;}&#8221;][vc_column_inner width=&#8221;1\/4&#8243;][vc_single_image image=&#8221;230&#8243; img_size=&#8221;full&#8221;][\/vc_column_inner][vc_column_inner width=&#8221;3\/4&#8243; css=&#8221;.vc_custom_1480862255677{margin-left: -100px !important;}&#8221;][vc_btn title=&#8221;Global Partners 2020 B\u00fclteni&#8221; i_icon_fontawesome=&#8221;fa fa-download&#8221; css_animation=&#8221;fadeIn&#8221; add_icon=&#8221;true&#8221; css=&#8221;.vc_custom_1579867298985{padding-top: 50px !important;}&#8221; link=&#8221;url:http%3A%2F%2Fbit.ly%2F2GgppRA||target:%20_blank|&#8221;][\/vc_column_inner][\/vc_row_inner][vc_row_inner css=&#8221;.vc_custom_1480862248524{padding-top: 50px !important;}&#8221;][vc_column_inner width=&#8221;1\/4&#8243;][vc_single_image image=&#8221;230&#8243; img_size=&#8221;full&#8221;][\/vc_column_inner][vc_column_inner width=&#8221;3\/4&#8243; css=&#8221;.vc_custom_1480862255677{margin-left: -100px !important;}&#8221;][vc_btn title=&#8221;T\u00fcrkiye&#8217;de Giri\u015fimcili\u011fin Finansman Sorunlar\u0131&#8221; i_icon_fontawesome=&#8221;fa fa-download&#8221; css_animation=&#8221;fadeIn&#8221; add_icon=&#8221;true&#8221; css=&#8221;.vc_custom_1549129525618{padding-top: 50px !important;}&#8221; link=&#8221;url:https%3A%2F%2Fbit.ly%2F2Rzu3xd|||&#8221;][\/vc_column_inner][\/vc_row_inner][vc_row_inner css=&#8221;.vc_custom_1480862248524{padding-top: 50px !important;}&#8221;][vc_column_inner width=&#8221;1\/4&#8243;][vc_single_image image=&#8221;230&#8243; img_size=&#8221;full&#8221;][\/vc_column_inner][vc_column_inner width=&#8221;3\/4&#8243; css=&#8221;.vc_custom_1480862255677{margin-left: -100px !important;}&#8221;][vc_btn [&hellip;]\" \/>\n<meta property=\"og:url\" content=\"https:\/\/globalpartners.com.tr\/tr\/yayinlarimiz\/\" \/>\n<meta property=\"og:site_name\" content=\"Global Partners\" \/>\n<meta property=\"article:modified_time\" content=\"2020-05-10T07:44:55+00:00\" \/>\n<meta name=\"twitter:card\" content=\"summary_large_image\" \/>\n<meta name=\"twitter:label1\" content=\"Tahmini okuma s\u00fcresi\" \/>\n\t<meta name=\"twitter:data1\" content=\"4 dakika\" \/>\n<script type=\"application\/ld+json\" class=\"yoast-schema-graph\">{\"@context\":\"https:\/\/schema.org\",\"@graph\":[{\"@type\":\"WebPage\",\"@id\":\"https:\/\/globalpartners.com.tr\/tr\/yayinlarimiz\/\",\"url\":\"https:\/\/globalpartners.com.tr\/tr\/yayinlarimiz\/\",\"name\":\"Yay\u0131nlar\u0131m\u0131z - Global Partners\",\"isPartOf\":{\"@id\":\"https:\/\/globalpartners.com.tr\/#website\"},\"datePublished\":\"2016-12-04T14:44:39+00:00\",\"dateModified\":\"2020-05-10T07:44:55+00:00\",\"breadcrumb\":{\"@id\":\"https:\/\/globalpartners.com.tr\/tr\/yayinlarimiz\/#breadcrumb\"},\"inLanguage\":\"tr\",\"potentialAction\":[{\"@type\":\"ReadAction\",\"target\":[\"https:\/\/globalpartners.com.tr\/tr\/yayinlarimiz\/\"]}]},{\"@type\":\"BreadcrumbList\",\"@id\":\"https:\/\/globalpartners.com.tr\/tr\/yayinlarimiz\/#breadcrumb\",\"itemListElement\":[{\"@type\":\"ListItem\",\"position\":1,\"name\":\"Home\",\"item\":\"https:\/\/globalpartners.com.tr\/tr\/\"},{\"@type\":\"ListItem\",\"position\":2,\"name\":\"Yay\u0131nlar\u0131m\u0131z\"}]},{\"@type\":\"WebSite\",\"@id\":\"https:\/\/globalpartners.com.tr\/#website\",\"url\":\"https:\/\/globalpartners.com.tr\/\",\"name\":\"Global Partners\",\"description\":\"Tailored advisory services for financial, technical and legal solutions from a single source.\",\"potentialAction\":[{\"@type\":\"SearchAction\",\"target\":{\"@type\":\"EntryPoint\",\"urlTemplate\":\"https:\/\/globalpartners.com.tr\/?s={search_term_string}\"},\"query-input\":{\"@type\":\"PropertyValueSpecification\",\"valueRequired\":true,\"valueName\":\"search_term_string\"}}],\"inLanguage\":\"tr\"}]}<\/script>\n<!-- \/ Yoast SEO plugin. -->","yoast_head_json":{"title":"Yay\u0131nlar\u0131m\u0131z - Global Partners","robots":{"index":"index","follow":"follow","max-snippet":"max-snippet:-1","max-image-preview":"max-image-preview:large","max-video-preview":"max-video-preview:-1"},"canonical":"https:\/\/globalpartners.com.tr\/tr\/yayinlarimiz\/","og_locale":"tr_TR","og_type":"article","og_title":"Yay\u0131nlar\u0131m\u0131z - Global Partners","og_description":"[vc_row][vc_column][vc_row_inner css=&#8221;.vc_custom_1480862248524{padding-top: 50px !important;}&#8221;][vc_column_inner width=&#8221;1\/4&#8243;][vc_single_image image=&#8221;230&#8243; img_size=&#8221;full&#8221;][\/vc_column_inner][vc_column_inner width=&#8221;3\/4&#8243; css=&#8221;.vc_custom_1480862255677{margin-left: -100px !important;}&#8221;][vc_btn title=&#8221;Global Partners 2020 B\u00fclteni&#8221; i_icon_fontawesome=&#8221;fa fa-download&#8221; css_animation=&#8221;fadeIn&#8221; add_icon=&#8221;true&#8221; css=&#8221;.vc_custom_1579867298985{padding-top: 50px !important;}&#8221; link=&#8221;url:http%3A%2F%2Fbit.ly%2F2GgppRA||target:%20_blank|&#8221;][\/vc_column_inner][\/vc_row_inner][vc_row_inner css=&#8221;.vc_custom_1480862248524{padding-top: 50px !important;}&#8221;][vc_column_inner width=&#8221;1\/4&#8243;][vc_single_image image=&#8221;230&#8243; img_size=&#8221;full&#8221;][\/vc_column_inner][vc_column_inner width=&#8221;3\/4&#8243; css=&#8221;.vc_custom_1480862255677{margin-left: -100px !important;}&#8221;][vc_btn title=&#8221;T\u00fcrkiye&#8217;de Giri\u015fimcili\u011fin Finansman Sorunlar\u0131&#8221; i_icon_fontawesome=&#8221;fa fa-download&#8221; css_animation=&#8221;fadeIn&#8221; add_icon=&#8221;true&#8221; css=&#8221;.vc_custom_1549129525618{padding-top: 50px !important;}&#8221; link=&#8221;url:https%3A%2F%2Fbit.ly%2F2Rzu3xd|||&#8221;][\/vc_column_inner][\/vc_row_inner][vc_row_inner css=&#8221;.vc_custom_1480862248524{padding-top: 50px !important;}&#8221;][vc_column_inner width=&#8221;1\/4&#8243;][vc_single_image image=&#8221;230&#8243; img_size=&#8221;full&#8221;][\/vc_column_inner][vc_column_inner width=&#8221;3\/4&#8243; css=&#8221;.vc_custom_1480862255677{margin-left: -100px !important;}&#8221;][vc_btn [&hellip;]","og_url":"https:\/\/globalpartners.com.tr\/tr\/yayinlarimiz\/","og_site_name":"Global Partners","article_modified_time":"2020-05-10T07:44:55+00:00","twitter_card":"summary_large_image","twitter_misc":{"Tahmini okuma s\u00fcresi":"4 dakika"},"schema":{"@context":"https:\/\/schema.org","@graph":[{"@type":"WebPage","@id":"https:\/\/globalpartners.com.tr\/tr\/yayinlarimiz\/","url":"https:\/\/globalpartners.com.tr\/tr\/yayinlarimiz\/","name":"Yay\u0131nlar\u0131m\u0131z - Global Partners","isPartOf":{"@id":"https:\/\/globalpartners.com.tr\/#website"},"datePublished":"2016-12-04T14:44:39+00:00","dateModified":"2020-05-10T07:44:55+00:00","breadcrumb":{"@id":"https:\/\/globalpartners.com.tr\/tr\/yayinlarimiz\/#breadcrumb"},"inLanguage":"tr","potentialAction":[{"@type":"ReadAction","target":["https:\/\/globalpartners.com.tr\/tr\/yayinlarimiz\/"]}]},{"@type":"BreadcrumbList","@id":"https:\/\/globalpartners.com.tr\/tr\/yayinlarimiz\/#breadcrumb","itemListElement":[{"@type":"ListItem","position":1,"name":"Home","item":"https:\/\/globalpartners.com.tr\/tr\/"},{"@type":"ListItem","position":2,"name":"Yay\u0131nlar\u0131m\u0131z"}]},{"@type":"WebSite","@id":"https:\/\/globalpartners.com.tr\/#website","url":"https:\/\/globalpartners.com.tr\/","name":"Global Partners","description":"Tailored advisory services for financial, technical and legal solutions from a single source.","potentialAction":[{"@type":"SearchAction","target":{"@type":"EntryPoint","urlTemplate":"https:\/\/globalpartners.com.tr\/?s={search_term_string}"},"query-input":{"@type":"PropertyValueSpecification","valueRequired":true,"valueName":"search_term_string"}}],"inLanguage":"tr"}]}},"_links":{"self":[{"href":"https:\/\/globalpartners.com.tr\/tr\/wp-json\/wp\/v2\/pages\/239","targetHints":{"allow":["GET"]}}],"collection":[{"href":"https:\/\/globalpartners.com.tr\/tr\/wp-json\/wp\/v2\/pages"}],"about":[{"href":"https:\/\/globalpartners.com.tr\/tr\/wp-json\/wp\/v2\/types\/page"}],"author":[{"embeddable":true,"href":"https:\/\/globalpartners.com.tr\/tr\/wp-json\/wp\/v2\/users\/1"}],"replies":[{"embeddable":true,"href":"https:\/\/globalpartners.com.tr\/tr\/wp-json\/wp\/v2\/comments?post=239"}],"version-history":[{"count":17,"href":"https:\/\/globalpartners.com.tr\/tr\/wp-json\/wp\/v2\/pages\/239\/revisions"}],"predecessor-version":[{"id":467,"href":"https:\/\/globalpartners.com.tr\/tr\/wp-json\/wp\/v2\/pages\/239\/revisions\/467"}],"wp:attachment":[{"href":"https:\/\/globalpartners.com.tr\/tr\/wp-json\/wp\/v2\/media?parent=239"}],"curies":[{"name":"wp","href":"https:\/\/api.w.org\/{rel}","templated":true}]}}