{"id":204,"date":"2016-10-24T07:20:53","date_gmt":"2016-10-24T07:20:53","guid":{"rendered":"http:\/\/www.globalpartners.com.tr\/tr\/?page_id=204"},"modified":"2025-04-18T10:05:26","modified_gmt":"2025-04-18T10:05:26","slug":"ekibimiz","status":"publish","type":"page","link":"https:\/\/globalpartners.com.tr\/tr\/ekibimiz\/","title":{"rendered":"Ekibimiz"},"content":{"rendered":"<p>[vc_row][vc_column][vc_row_inner css=&#8221;.vc_custom_1480863130641{padding-top: 30px !important;}&#8221;][vc_column_inner width=&#8221;1\/4&#8243;][vc_single_image image=&#8221;244&#8243; img_size=&#8221;full&#8221; style=&#8221;vc_box_circle_2&#8243;][\/vc_column_inner][vc_column_inner width=&#8221;3\/4&#8243; css=&#8221;.vc_custom_1480863110986{padding-top: 20px !important;}&#8221;][vc_column_text]<strong>A\u015fk\u0131n Tuzcuo\u011flu<br \/>\n<\/strong><b>Y\u00f6netim Kurulu Ba\u015fkan\u0131<\/b><\/p>\n<p>1997 Y\u0131l\u0131nda \u0130stanbul Teknik \u00dcniversitesi Fizik M\u00fchendisli\u011finden mezun olduktan sonra gene \u0130stanbul Teknik \u00dcniversitesinde Y\u00fcksek lisans\u0131n\u0131 tamamlam\u0131\u015ft\u0131r. Finans ve \u0130n\u015faat alanlar\u0131nda yurti\u00e7i ve yurtd\u0131\u015f\u0131 \u00e7e\u015fitli firmalarda g\u00f6rev alan A\u015fk\u0131n Tuzcuo\u011flu e\u015f zamanl\u0131 olarak giri\u015fimcilik konusunda da \u00e7e\u015fitli ad\u0131mlar atm\u0131\u015ft\u0131r. 2011-2014 y\u0131llar\u0131 aras\u0131nda USA merkezli kurumsal finansman \u015firketinin T\u00fcrkiye hizmetlerini y\u00f6neten A\u015fk\u0131n Tuzcuo\u011flu 2014 senesinden beri Global Partners \u00e7at\u0131s\u0131 alt\u0131nda \u00e7al\u0131\u015fmalar\u0131n\u0131 s\u00fcrd\u00fcrmektedir.[\/vc_column_text][\/vc_column_inner][\/vc_row_inner][vc_row_inner css=&#8221;.vc_custom_1480863130641{padding-top: 30px !important;}&#8221;][vc_column_inner width=&#8221;1\/4&#8243;][vc_single_image image=&#8221;249&#8243; img_size=&#8221;full&#8221; style=&#8221;vc_box_circle_2&#8243;][\/vc_column_inner][vc_column_inner width=&#8221;3\/4&#8243; css=&#8221;.vc_custom_1480863110986{padding-top: 20px !important;}&#8221;][vc_column_text]<strong>Semra Keskin<br \/>\n<\/strong><strong>Direkt\u00f6r &#8211; Uluslararas\u0131 Kurumsal Finansman<\/strong><\/p>\n<p>Semra Keskin, ODT\u00dc \u0130dari \u0130limler Fak\u00fcltesi Kamu Y\u00f6netimi B\u00f6l\u00fcm\u00fcnden\u00a0 1986 y\u0131l\u0131nda mezun olduktan sonra \u0130\u015fletme y\u00fcksek lisans\u0131n\u0131 tamamlayarak Interbank&#8217;ta bankac\u0131l\u0131k kariyerine ba\u015flam\u0131\u015ft\u0131r. Farkl\u0131 bankalarda Kurumsal bankac\u0131l\u0131k alan\u0131nda tahsis ve pazarlamada \u00e7e\u015fitli kademelerde g\u00f6rev yapt\u0131ktan \u00a0sonra 1992 y\u0131l\u0131ndan itibaren ABank kadrosuna kat\u0131lm\u0131\u015f ve en son Genel M\u00fcd\u00fcrl\u00fck kurumsal pazarlama y\u00f6netim kadrosunda yer alm\u0131\u015ft\u0131r. Semra Keskin\u00a02012-2014 y\u0131llar\u0131 aras\u0131nda USA merkezli kurumsal finansman \u015firketinin T\u00fcrkiye yat\u0131r\u0131mlar\u0131nda dan\u0131\u015fmanl\u0131k g\u00f6revini \u00fcstlenmi\u015ftir. 2014 y\u0131l\u0131ndan itibaren kurumsal bankac\u0131l\u0131k ve finansman konular\u0131ndaki \u00e7al\u0131\u015fmalar\u0131na Global Partners \u00e7at\u0131s\u0131 alt\u0131nda devam etmektedir.[\/vc_column_text][\/vc_column_inner][\/vc_row_inner][vc_row_inner css=&#8221;.vc_custom_1480863130641{padding-top: 30px !important;}&#8221;][vc_column_inner width=&#8221;1\/4&#8243; offset=&#8221;vc_hidden-lg vc_hidden-md vc_hidden-sm vc_hidden-xs&#8221;][vc_single_image image=&#8221;251&#8243; img_size=&#8221;full&#8221; style=&#8221;vc_box_circle_2&#8243;][\/vc_column_inner][vc_column_inner width=&#8221;3\/4&#8243; css=&#8221;.vc_custom_1744970721922{padding-top: 20px !important;}&#8221; offset=&#8221;vc_hidden-lg vc_hidden-md vc_hidden-sm vc_hidden-xs&#8221;][vc_column_text]<strong>Fethi Keskin<br \/>\n<\/strong><strong>Direkt\u00f6r &#8211; Proje Geli\u015ftirme ve Y\u00f6netimi<\/strong><\/p>\n<p>Fethi Keskin, \u0130stanbul Teknik \u00dcniversitesi Makine M\u00fchendisli\u011finden 1986 y\u0131l\u0131nda mezun olduktan sonra 1989 y\u0131l\u0131nda MBA y\u00fcksek lisans\u0131n\u0131 tamamlam\u0131\u015ft\u0131r. 1986\u2019da STFA\u2018da ba\u015flad\u0131\u011f\u0131 kariyerinde yurt i\u00e7i ve yurt d\u0131\u015f\u0131 \u00e7e\u015fitli in\u015faat projelerinde yer alm\u0131\u015ft\u0131r. 1993 y\u0131l\u0131ndan itibaren Ak\u00e7ansa\u2019da \u00e7al\u0131\u015fmaya ba\u015flam\u0131\u015f ve \u00e7e\u015fitli kademelerde g\u00f6rev ald\u0131ktan sonra 2012 y\u0131l\u0131ndan itibaren San\u00e7im \u00c7imento ve S\u00f6nmez \u00c7imento \u015firketlerinde Genel M\u00fcd\u00fcr pozisyonunda g\u00f6rev alm\u0131\u015ft\u0131r. Yat\u0131r\u0131m, Proje ve fizibilite konular\u0131nda uzmanla\u015fan Fethi Keskin, 2015 y\u0131l\u0131ndan itibaren \u00e7al\u0131\u015fmalar\u0131na Global Partners \u00e7at\u0131s\u0131 alt\u0131nda devam etmekte olup \u00a0proje geli\u015ftirme ve y\u00f6netimi konular\u0131ndan sorumludur.[\/vc_column_text][\/vc_column_inner][\/vc_row_inner][vc_row_inner disable_element=&#8221;yes&#8221; css=&#8221;.vc_custom_1587365209132{padding-top: 30px !important;}&#8221;][vc_column_inner width=&#8221;1\/4&#8243;][vc_single_image image=&#8221;348&#8243; img_size=&#8221;full&#8221; style=&#8221;vc_box_circle_2&#8243;][\/vc_column_inner][vc_column_inner width=&#8221;3\/4&#8243; css=&#8221;.vc_custom_1480863110986{padding-top: 20px !important;}&#8221;][vc_column_text]<strong>Emrah Ceylan<br \/>\n<\/strong><strong>Dan\u0131\u015fman<\/strong><\/p>\n<p>Sosyal Bilimler Enstit\u00fcs\u00fcnde \u0130\u015fletme Y\u00f6netimi Anabilim Dal\u0131\u2019nda y\u00fcksek \u00f6\u011frenimini tamamlad\u0131ktan sonra Bankac\u0131l\u0131k kariyerine 2003 senesinde ba\u015flayan Emrah Ceylan, s\u0131ras\u0131 ile Finansbank, Akbank ve Yap\u0131\u00a0 Kredi Bankas\u0131nda \u00e7e\u015fitli kademelerde g\u00f6rev alm\u0131\u015ft\u0131r. Beykent \u00dcniversitesi\u2019nde Doktora E\u011fitimi yapan Emrah Ceylan, halen \u0130stanbul Medipol \u00dcniversitesi ve Ni\u015fanta\u015f\u0131 \u00dcniversitesi&#8217;nde \u00d6\u011fretim G\u00f6revlisi olarak; Bankac\u0131l\u0131k ve Finans, Portf\u00f6y Y\u00f6netimi, Bankac\u0131l\u0131k ve Sermaye Piyasalar\u0131, \u0130\u015fletme Y\u00f6netimi, Giri\u015fimcilik ve Finansman ara\u015ft\u0131rma alanlar\u0131 \u00e7er\u00e7evesinde ders vermektedir.[\/vc_column_text][\/vc_column_inner][\/vc_row_inner][vc_row_inner css=&#8221;.vc_custom_1480863130641{padding-top: 30px !important;}&#8221;][vc_column_inner width=&#8221;1\/4&#8243;][vc_single_image image=&#8221;255&#8243; img_size=&#8221;full&#8221; style=&#8221;vc_box_circle_2&#8243;][\/vc_column_inner][vc_column_inner width=&#8221;3\/4&#8243; css=&#8221;.vc_custom_1480863110986{padding-top: 20px !important;}&#8221;][vc_column_text]<strong>Dr. Serhat O\u011fuz<br \/>\n<\/strong><strong>Dan\u0131\u015fman<\/strong><\/p>\n<p>Serhat O\u011fuz, 1987 Y\u0131l\u0131nda Ankara \u00dcniversitesi Ziraat M\u00fchendisli\u011fi\u2019nden mezun olduktan sonra Bilgi \u00dcniversitesinde \u0130\u015fletme y\u00fcksek lisans\u0131n\u0131 tamamlam\u0131\u015ft\u0131r. Yap\u0131 Kredi Bankas\u0131nda ba\u015flad\u0131\u011f\u0131 bankac\u0131l\u0131k kariyerinde, krediler, menkul denetim, finansal analiz, pazarlama ve ticari\/ kurumsal \u015fube m\u00fcd\u00fcrl\u00fc\u011f\u00fc g\u00f6revlerinde bulunmu\u015ftur. Doktoras\u0131n\u0131 Beykent \u00dcniversitesi\u2019nde tamamlayan Serhat O\u011eUZ, \u015firketlerde B\u00f6lge Sat\u0131\u015f M\u00fcd\u00fcrl\u00fc\u011f\u00fc, CFO, Genel M\u00fcd\u00fcr Yard\u0131mc\u0131l\u0131\u011f\u0131 ve Y\u00f6netim Dan\u0131\u015fmanl\u0131\u011f\u0131 g\u00f6revleri icra etmi\u015ftir. Mali analiz, finansal denetim, bor\u00e7 yap\u0131land\u0131rmas\u0131 , kurumsal finansman, pazarlama ve i\u015fletme y\u00f6netimi konular\u0131nda engin deneyime sahip olan Serhat O\u011eUZ 2015 y\u0131l\u0131ndan itibaren Global Partners y\u00f6netim kadrosuna kat\u0131lm\u0131\u015ft\u0131r.[\/vc_column_text][\/vc_column_inner][\/vc_row_inner][vc_row_inner css=&#8221;.vc_custom_1480863130641{padding-top: 30px !important;}&#8221;][vc_column_inner width=&#8221;1\/4&#8243;][vc_single_image image=&#8221;346&#8243; img_size=&#8221;full&#8221; style=&#8221;vc_box_circle_2&#8243;][\/vc_column_inner][vc_column_inner width=&#8221;3\/4&#8243; css=&#8221;.vc_custom_1480863110986{padding-top: 20px !important;}&#8221;][vc_column_text]<strong>M. U\u011fur Uzun<br \/>\n<\/strong><strong>Dan\u0131\u015fman<\/strong><\/p>\n<p>Lisans \u00f6\u011frenimini Uluslararas\u0131 \u0130li\u015fkiler B\u00f6l\u00fcm\u00fcnde tamamlayan ve akabinde \u0130stanbul \u00dcniversitesinde Marketing alan\u0131nda Y\u00fcksek Lisans \u00f6\u011frenimi yapan M. U\u011fur UZUN, halen Siyaset Bilimi alan\u0131nda Doktora \u00f6\u011frenimine devam etmektedir. S\u0131ras\u0131 ile Finansbank, Fortisbank ve Akbank\u2019ta Kurumsal Portf\u00f6y Y\u00f6neticisi, \u015eube M\u00fcd\u00fcr\u00fc, Ticari Bankac\u0131l\u0131k Grup M\u00fcd\u00fcr\u00fc ve B\u00f6lge M\u00fcd\u00fcrl\u00fc\u011f\u00fc g\u00f6revlerinde bulunmu\u015ftur. En son Akbank Bursa B\u00f6lge M\u00fcd\u00fcr\u00fc olarak g\u00f6rev yapan U\u011fur UZUN, Mart 2018 tarihi itibari ile Global Partners y\u00f6netim kadrosuna kat\u0131lm\u0131\u015ft\u0131r.[\/vc_column_text][\/vc_column_inner][\/vc_row_inner][vc_row_inner disable_element=&#8221;yes&#8221; css=&#8221;.vc_custom_1650457850270{padding-top: 30px !important;}&#8221;][vc_column_inner width=&#8221;1\/4&#8243;][vc_single_image image=&#8221;257&#8243; img_size=&#8221;full&#8221; style=&#8221;vc_box_circle_2&#8243;][\/vc_column_inner][vc_column_inner width=&#8221;3\/4&#8243; css=&#8221;.vc_custom_1480863110986{padding-top: 20px !important;}&#8221;][vc_column_text]<strong>Bora Biricik<br \/>\n<\/strong><strong>Dan\u0131\u015fman<\/strong><\/p>\n<p class=\"p1\">Bora Biricik, 2007 senesinde Ankara \u00dcniversitesi \u0130statistik b\u00f6l\u00fcm\u00fcn\u00fc bitirdikten sonra Ni\u015fanta\u015f\u0131 \u00fcniversitesinde \u0130\u015fletme Y\u00f6netimi konusunda y\u00fcksek lisans yapm\u0131\u015ft\u0131r. Bankac\u0131l\u0131k kariyerine \u015eekerbank\u2019ta ba\u015flam\u0131\u015f ve s\u0131ras\u0131 ile Yap\u0131 Kredi Bankas\u0131 ve Finansbank\u2019ta \u00e7e\u015fitli g\u00f6revler \u00fcstlenmi\u015ftir. 2016 y\u0131l\u0131nda Global Partners\u2019a kat\u0131lan Bora Biricik halen Ni\u015fanta\u015f\u0131 \u00dcniversitesinde \u00f6\u011fretim g\u00f6revlisi olarak ders vermektedir.<\/p>\n<p>[\/vc_column_text][\/vc_column_inner][\/vc_row_inner][vc_row_inner css=&#8221;.vc_custom_1480863130641{padding-top: 30px !important;}&#8221;][vc_column_inner width=&#8221;1\/4&#8243;][\/vc_column_inner][vc_column_inner width=&#8221;3\/4&#8243; css=&#8221;.vc_custom_1480863110986{padding-top: 20px !important;}&#8221;][\/vc_column_inner][\/vc_row_inner][\/vc_column][\/vc_row]<\/p>\n","protected":false},"excerpt":{"rendered":"<p>[vc_row][vc_column][vc_row_inner css=&#8221;.vc_custom_1480863130641{padding-top: 30px !important;}&#8221;][vc_column_inner width=&#8221;1\/4&#8243;][vc_single_image image=&#8221;244&#8243; img_size=&#8221;full&#8221; style=&#8221;vc_box_circle_2&#8243;][\/vc_column_inner][vc_column_inner width=&#8221;3\/4&#8243; css=&#8221;.vc_custom_1480863110986{padding-top: 20px !important;}&#8221;][vc_column_text]A\u015fk\u0131n Tuzcuo\u011flu Y\u00f6netim Kurulu Ba\u015fkan\u0131 1997 Y\u0131l\u0131nda \u0130stanbul Teknik \u00dcniversitesi Fizik M\u00fchendisli\u011finden mezun olduktan sonra gene \u0130stanbul Teknik \u00dcniversitesinde Y\u00fcksek lisans\u0131n\u0131 tamamlam\u0131\u015ft\u0131r. Finans ve \u0130n\u015faat alanlar\u0131nda yurti\u00e7i ve yurtd\u0131\u015f\u0131 \u00e7e\u015fitli firmalarda g\u00f6rev alan A\u015fk\u0131n Tuzcuo\u011flu e\u015f zamanl\u0131 olarak giri\u015fimcilik konusunda da \u00e7e\u015fitli ad\u0131mlar atm\u0131\u015ft\u0131r. [&hellip;]<\/p>\n","protected":false},"author":1,"featured_media":0,"parent":0,"menu_order":0,"comment_status":"closed","ping_status":"closed","template":"","meta":{"footnotes":""},"class_list":["post-204","page","type-page","status-publish","hentry"],"yoast_head":"<!-- This site is optimized with the Yoast SEO plugin v24.9 - https:\/\/yoast.com\/wordpress\/plugins\/seo\/ -->\n<title>Ekibimiz - Global Partners<\/title>\n<meta name=\"robots\" content=\"index, follow, max-snippet:-1, max-image-preview:large, max-video-preview:-1\" \/>\n<link rel=\"canonical\" href=\"https:\/\/globalpartners.com.tr\/tr\/ekibimiz\/\" \/>\n<meta property=\"og:locale\" content=\"tr_TR\" \/>\n<meta property=\"og:type\" content=\"article\" \/>\n<meta property=\"og:title\" content=\"Ekibimiz - Global Partners\" \/>\n<meta property=\"og:description\" content=\"[vc_row][vc_column][vc_row_inner css=&#8221;.vc_custom_1480863130641{padding-top: 30px !important;}&#8221;][vc_column_inner width=&#8221;1\/4&#8243;][vc_single_image image=&#8221;244&#8243; img_size=&#8221;full&#8221; style=&#8221;vc_box_circle_2&#8243;][\/vc_column_inner][vc_column_inner width=&#8221;3\/4&#8243; css=&#8221;.vc_custom_1480863110986{padding-top: 20px !important;}&#8221;][vc_column_text]A\u015fk\u0131n Tuzcuo\u011flu Y\u00f6netim Kurulu Ba\u015fkan\u0131 1997 Y\u0131l\u0131nda \u0130stanbul Teknik \u00dcniversitesi Fizik M\u00fchendisli\u011finden mezun olduktan sonra gene \u0130stanbul Teknik \u00dcniversitesinde Y\u00fcksek lisans\u0131n\u0131 tamamlam\u0131\u015ft\u0131r. Finans ve \u0130n\u015faat alanlar\u0131nda yurti\u00e7i ve yurtd\u0131\u015f\u0131 \u00e7e\u015fitli firmalarda g\u00f6rev alan A\u015fk\u0131n Tuzcuo\u011flu e\u015f zamanl\u0131 olarak giri\u015fimcilik konusunda da \u00e7e\u015fitli ad\u0131mlar atm\u0131\u015ft\u0131r. [&hellip;]\" \/>\n<meta property=\"og:url\" content=\"https:\/\/globalpartners.com.tr\/tr\/ekibimiz\/\" \/>\n<meta property=\"og:site_name\" content=\"Global Partners\" \/>\n<meta property=\"article:modified_time\" content=\"2025-04-18T10:05:26+00:00\" \/>\n<meta name=\"twitter:card\" content=\"summary_large_image\" \/>\n<meta name=\"twitter:label1\" content=\"Tahmini okuma s\u00fcresi\" \/>\n\t<meta name=\"twitter:data1\" content=\"6 dakika\" \/>\n<script type=\"application\/ld+json\" class=\"yoast-schema-graph\">{\"@context\":\"https:\/\/schema.org\",\"@graph\":[{\"@type\":\"WebPage\",\"@id\":\"https:\/\/globalpartners.com.tr\/tr\/ekibimiz\/\",\"url\":\"https:\/\/globalpartners.com.tr\/tr\/ekibimiz\/\",\"name\":\"Ekibimiz - Global Partners\",\"isPartOf\":{\"@id\":\"https:\/\/globalpartners.com.tr\/#website\"},\"datePublished\":\"2016-10-24T07:20:53+00:00\",\"dateModified\":\"2025-04-18T10:05:26+00:00\",\"breadcrumb\":{\"@id\":\"https:\/\/globalpartners.com.tr\/tr\/ekibimiz\/#breadcrumb\"},\"inLanguage\":\"tr\",\"potentialAction\":[{\"@type\":\"ReadAction\",\"target\":[\"https:\/\/globalpartners.com.tr\/tr\/ekibimiz\/\"]}]},{\"@type\":\"BreadcrumbList\",\"@id\":\"https:\/\/globalpartners.com.tr\/tr\/ekibimiz\/#breadcrumb\",\"itemListElement\":[{\"@type\":\"ListItem\",\"position\":1,\"name\":\"Home\",\"item\":\"https:\/\/globalpartners.com.tr\/tr\/\"},{\"@type\":\"ListItem\",\"position\":2,\"name\":\"Ekibimiz\"}]},{\"@type\":\"WebSite\",\"@id\":\"https:\/\/globalpartners.com.tr\/#website\",\"url\":\"https:\/\/globalpartners.com.tr\/\",\"name\":\"Global Partners\",\"description\":\"Tailored advisory services for financial, technical and legal solutions from a single source.\",\"potentialAction\":[{\"@type\":\"SearchAction\",\"target\":{\"@type\":\"EntryPoint\",\"urlTemplate\":\"https:\/\/globalpartners.com.tr\/?s={search_term_string}\"},\"query-input\":{\"@type\":\"PropertyValueSpecification\",\"valueRequired\":true,\"valueName\":\"search_term_string\"}}],\"inLanguage\":\"tr\"}]}<\/script>\n<!-- \/ Yoast SEO plugin. -->","yoast_head_json":{"title":"Ekibimiz - Global Partners","robots":{"index":"index","follow":"follow","max-snippet":"max-snippet:-1","max-image-preview":"max-image-preview:large","max-video-preview":"max-video-preview:-1"},"canonical":"https:\/\/globalpartners.com.tr\/tr\/ekibimiz\/","og_locale":"tr_TR","og_type":"article","og_title":"Ekibimiz - Global Partners","og_description":"[vc_row][vc_column][vc_row_inner css=&#8221;.vc_custom_1480863130641{padding-top: 30px !important;}&#8221;][vc_column_inner width=&#8221;1\/4&#8243;][vc_single_image image=&#8221;244&#8243; img_size=&#8221;full&#8221; style=&#8221;vc_box_circle_2&#8243;][\/vc_column_inner][vc_column_inner width=&#8221;3\/4&#8243; css=&#8221;.vc_custom_1480863110986{padding-top: 20px !important;}&#8221;][vc_column_text]A\u015fk\u0131n Tuzcuo\u011flu Y\u00f6netim Kurulu Ba\u015fkan\u0131 1997 Y\u0131l\u0131nda \u0130stanbul Teknik \u00dcniversitesi Fizik M\u00fchendisli\u011finden mezun olduktan sonra gene \u0130stanbul Teknik \u00dcniversitesinde Y\u00fcksek lisans\u0131n\u0131 tamamlam\u0131\u015ft\u0131r. Finans ve \u0130n\u015faat alanlar\u0131nda yurti\u00e7i ve yurtd\u0131\u015f\u0131 \u00e7e\u015fitli firmalarda g\u00f6rev alan A\u015fk\u0131n Tuzcuo\u011flu e\u015f zamanl\u0131 olarak giri\u015fimcilik konusunda da \u00e7e\u015fitli ad\u0131mlar atm\u0131\u015ft\u0131r. [&hellip;]","og_url":"https:\/\/globalpartners.com.tr\/tr\/ekibimiz\/","og_site_name":"Global Partners","article_modified_time":"2025-04-18T10:05:26+00:00","twitter_card":"summary_large_image","twitter_misc":{"Tahmini okuma s\u00fcresi":"6 dakika"},"schema":{"@context":"https:\/\/schema.org","@graph":[{"@type":"WebPage","@id":"https:\/\/globalpartners.com.tr\/tr\/ekibimiz\/","url":"https:\/\/globalpartners.com.tr\/tr\/ekibimiz\/","name":"Ekibimiz - Global Partners","isPartOf":{"@id":"https:\/\/globalpartners.com.tr\/#website"},"datePublished":"2016-10-24T07:20:53+00:00","dateModified":"2025-04-18T10:05:26+00:00","breadcrumb":{"@id":"https:\/\/globalpartners.com.tr\/tr\/ekibimiz\/#breadcrumb"},"inLanguage":"tr","potentialAction":[{"@type":"ReadAction","target":["https:\/\/globalpartners.com.tr\/tr\/ekibimiz\/"]}]},{"@type":"BreadcrumbList","@id":"https:\/\/globalpartners.com.tr\/tr\/ekibimiz\/#breadcrumb","itemListElement":[{"@type":"ListItem","position":1,"name":"Home","item":"https:\/\/globalpartners.com.tr\/tr\/"},{"@type":"ListItem","position":2,"name":"Ekibimiz"}]},{"@type":"WebSite","@id":"https:\/\/globalpartners.com.tr\/#website","url":"https:\/\/globalpartners.com.tr\/","name":"Global Partners","description":"Tailored advisory services for financial, technical and legal solutions from a single source.","potentialAction":[{"@type":"SearchAction","target":{"@type":"EntryPoint","urlTemplate":"https:\/\/globalpartners.com.tr\/?s={search_term_string}"},"query-input":{"@type":"PropertyValueSpecification","valueRequired":true,"valueName":"search_term_string"}}],"inLanguage":"tr"}]}},"_links":{"self":[{"href":"https:\/\/globalpartners.com.tr\/tr\/wp-json\/wp\/v2\/pages\/204","targetHints":{"allow":["GET"]}}],"collection":[{"href":"https:\/\/globalpartners.com.tr\/tr\/wp-json\/wp\/v2\/pages"}],"about":[{"href":"https:\/\/globalpartners.com.tr\/tr\/wp-json\/wp\/v2\/types\/page"}],"author":[{"embeddable":true,"href":"https:\/\/globalpartners.com.tr\/tr\/wp-json\/wp\/v2\/users\/1"}],"replies":[{"embeddable":true,"href":"https:\/\/globalpartners.com.tr\/tr\/wp-json\/wp\/v2\/comments?post=204"}],"version-history":[{"count":29,"href":"https:\/\/globalpartners.com.tr\/tr\/wp-json\/wp\/v2\/pages\/204\/revisions"}],"predecessor-version":[{"id":482,"href":"https:\/\/globalpartners.com.tr\/tr\/wp-json\/wp\/v2\/pages\/204\/revisions\/482"}],"wp:attachment":[{"href":"https:\/\/globalpartners.com.tr\/tr\/wp-json\/wp\/v2\/media?parent=204"}],"curies":[{"name":"wp","href":"https:\/\/api.w.org\/{rel}","templated":true}]}}