{"id":130,"date":"2015-11-21T19:06:11","date_gmt":"2015-11-21T19:06:11","guid":{"rendered":"http:\/\/globalpartners.com.tr\/?page_id=130&#038;lang=tr"},"modified":"2019-05-14T14:10:46","modified_gmt":"2019-05-14T14:10:46","slug":"proje-finansmani","status":"publish","type":"page","link":"https:\/\/globalpartners.com.tr\/tr\/proje-finansmani\/","title":{"rendered":"Proje Finansman\u0131"},"content":{"rendered":"<h3>Global Partners, yat\u0131r\u0131m projeleri i\u00e7in optimize edilmi\u015f finansal \u00e7\u00f6z\u00fcmler geli\u015ftirme ve uygulama konusunda uzmanla\u015fm\u0131\u015f bir dan\u0131\u015fmanl\u0131k firmas\u0131d\u0131r.<\/h3>\n<p>Proje finansman\u0131 genellikle detayl\u0131 teknik ve mali bilgiler bilgiler i\u00e7eren yo\u011fun m\u00fczakerelerin yan\u0131s\u0131ra karma\u015f\u0131k mali belgeleri i\u00e7erir. Bu s\u00fcre\u00e7lerdeki tecr\u00fcbemiz m\u00fc\u015fterilerimizin her a\u015famada ihtiya\u00e7 duyduklar\u0131 uzman tavsiyesi ve deste\u011fi almas\u0131n\u0131 sa\u011flar.<\/p>\n<p>Global Partners her projenin kendine \u00f6zg\u00fc ihtiya\u00e7lar\u0131 oldu\u011funu\u00a0bilerek uzman kadrosu ve global a\u011f\u0131 sayesinde uluslararas\u0131 standartlarda finansman yap\u0131lar\u0131 olu\u015fturur. Teknik bilgi birikimi ve \u00e7\u00f6z\u00fcm odakl\u0131 yakla\u015f\u0131m\u0131 ile projelere kal\u0131pla\u015fm\u0131\u015f finansman yap\u0131lar\u0131 yerine amaca g\u00f6re yap\u0131land\u0131r\u0131lm\u0131\u015f \u00e7\u00f6z\u00fcmler sunar.<\/p>\n<ul>\n<li>Proje finansman\u0131 ile ilgili t\u00fcm risklerin analizi ve projelerin finansal ge\u00e7erlili\u011finin g\u00f6zden ge\u00e7irilmesi.<\/li>\n<li>\u015eirkete \u00f6zel ve rekabet\u00e7i finansman kavramlar\u0131n\u0131n yap\u0131land\u0131r\u0131lmas\u0131, d\u00fczenlenmesi ve uygulanmas\u0131.<\/li>\n<li>Tedarik\u00e7i anla\u015fmas\u0131nda finansman ile ilgili bile\u015fenlerin tasar\u0131m\u0131.<\/li>\n<li>M\u00fc\u015fteriler, finansal dan\u0131\u015fmanlar ve di\u011fer m\u00fc\u015fteri dan\u0131\u015fmanlar\u0131 ile koordinasyon.<\/li>\n<li>Kredi ve yat\u0131r\u0131m sigortac\u0131lar\u0131, ulusal ve uluslararas\u0131 finans kurumlar\u0131 ve di\u011fer proje kat\u0131l\u0131mc\u0131lar\u0131 ile m\u00fczakereler.<\/li>\n<\/ul>\n","protected":false},"excerpt":{"rendered":"<p>Global Partners, yat\u0131r\u0131m projeleri i\u00e7in optimize edilmi\u015f finansal \u00e7\u00f6z\u00fcmler geli\u015ftirme ve uygulama konusunda uzmanla\u015fm\u0131\u015f bir dan\u0131\u015fmanl\u0131k firmas\u0131d\u0131r. Proje finansman\u0131 genellikle detayl\u0131 teknik ve mali bilgiler bilgiler i\u00e7eren yo\u011fun m\u00fczakerelerin yan\u0131s\u0131ra karma\u015f\u0131k mali belgeleri i\u00e7erir. Bu s\u00fcre\u00e7lerdeki tecr\u00fcbemiz m\u00fc\u015fterilerimizin her a\u015famada ihtiya\u00e7 duyduklar\u0131 uzman tavsiyesi ve deste\u011fi almas\u0131n\u0131 sa\u011flar. Global Partners her projenin kendine \u00f6zg\u00fc ihtiya\u00e7lar\u0131 [&hellip;]<\/p>\n","protected":false},"author":1,"featured_media":0,"parent":0,"menu_order":0,"comment_status":"closed","ping_status":"closed","template":"","meta":{"footnotes":""},"class_list":["post-130","page","type-page","status-publish","hentry"],"yoast_head":"<!-- This site is optimized with the Yoast SEO plugin v24.9 - https:\/\/yoast.com\/wordpress\/plugins\/seo\/ -->\n<title>Proje Finansman\u0131 - Global Partners<\/title>\n<meta name=\"robots\" content=\"index, follow, max-snippet:-1, max-image-preview:large, max-video-preview:-1\" \/>\n<link rel=\"canonical\" href=\"https:\/\/globalpartners.com.tr\/tr\/proje-finansmani\/\" \/>\n<meta property=\"og:locale\" content=\"tr_TR\" \/>\n<meta property=\"og:type\" content=\"article\" \/>\n<meta property=\"og:title\" content=\"Proje Finansman\u0131 - Global Partners\" \/>\n<meta property=\"og:description\" content=\"Global Partners, yat\u0131r\u0131m projeleri i\u00e7in optimize edilmi\u015f finansal \u00e7\u00f6z\u00fcmler geli\u015ftirme ve uygulama konusunda uzmanla\u015fm\u0131\u015f bir dan\u0131\u015fmanl\u0131k firmas\u0131d\u0131r. Proje finansman\u0131 genellikle detayl\u0131 teknik ve mali bilgiler bilgiler i\u00e7eren yo\u011fun m\u00fczakerelerin yan\u0131s\u0131ra karma\u015f\u0131k mali belgeleri i\u00e7erir. Bu s\u00fcre\u00e7lerdeki tecr\u00fcbemiz m\u00fc\u015fterilerimizin her a\u015famada ihtiya\u00e7 duyduklar\u0131 uzman tavsiyesi ve deste\u011fi almas\u0131n\u0131 sa\u011flar. Global Partners her projenin kendine \u00f6zg\u00fc ihtiya\u00e7lar\u0131 [&hellip;]\" \/>\n<meta property=\"og:url\" content=\"https:\/\/globalpartners.com.tr\/tr\/proje-finansmani\/\" \/>\n<meta property=\"og:site_name\" content=\"Global Partners\" \/>\n<meta property=\"article:modified_time\" content=\"2019-05-14T14:10:46+00:00\" \/>\n<meta name=\"twitter:card\" content=\"summary_large_image\" \/>\n<meta name=\"twitter:label1\" content=\"Tahmini okuma s\u00fcresi\" \/>\n\t<meta name=\"twitter:data1\" content=\"1 dakika\" \/>\n<script type=\"application\/ld+json\" class=\"yoast-schema-graph\">{\"@context\":\"https:\/\/schema.org\",\"@graph\":[{\"@type\":\"WebPage\",\"@id\":\"https:\/\/globalpartners.com.tr\/tr\/proje-finansmani\/\",\"url\":\"https:\/\/globalpartners.com.tr\/tr\/proje-finansmani\/\",\"name\":\"Proje Finansman\u0131 - Global Partners\",\"isPartOf\":{\"@id\":\"https:\/\/globalpartners.com.tr\/#website\"},\"datePublished\":\"2015-11-21T19:06:11+00:00\",\"dateModified\":\"2019-05-14T14:10:46+00:00\",\"breadcrumb\":{\"@id\":\"https:\/\/globalpartners.com.tr\/tr\/proje-finansmani\/#breadcrumb\"},\"inLanguage\":\"tr\",\"potentialAction\":[{\"@type\":\"ReadAction\",\"target\":[\"https:\/\/globalpartners.com.tr\/tr\/proje-finansmani\/\"]}]},{\"@type\":\"BreadcrumbList\",\"@id\":\"https:\/\/globalpartners.com.tr\/tr\/proje-finansmani\/#breadcrumb\",\"itemListElement\":[{\"@type\":\"ListItem\",\"position\":1,\"name\":\"Home\",\"item\":\"https:\/\/globalpartners.com.tr\/tr\/\"},{\"@type\":\"ListItem\",\"position\":2,\"name\":\"Proje Finansman\u0131\"}]},{\"@type\":\"WebSite\",\"@id\":\"https:\/\/globalpartners.com.tr\/#website\",\"url\":\"https:\/\/globalpartners.com.tr\/\",\"name\":\"Global Partners\",\"description\":\"Tailored advisory services for financial, technical and legal solutions from a single source.\",\"potentialAction\":[{\"@type\":\"SearchAction\",\"target\":{\"@type\":\"EntryPoint\",\"urlTemplate\":\"https:\/\/globalpartners.com.tr\/?s={search_term_string}\"},\"query-input\":{\"@type\":\"PropertyValueSpecification\",\"valueRequired\":true,\"valueName\":\"search_term_string\"}}],\"inLanguage\":\"tr\"}]}<\/script>\n<!-- \/ Yoast SEO plugin. -->","yoast_head_json":{"title":"Proje Finansman\u0131 - Global Partners","robots":{"index":"index","follow":"follow","max-snippet":"max-snippet:-1","max-image-preview":"max-image-preview:large","max-video-preview":"max-video-preview:-1"},"canonical":"https:\/\/globalpartners.com.tr\/tr\/proje-finansmani\/","og_locale":"tr_TR","og_type":"article","og_title":"Proje Finansman\u0131 - Global Partners","og_description":"Global Partners, yat\u0131r\u0131m projeleri i\u00e7in optimize edilmi\u015f finansal \u00e7\u00f6z\u00fcmler geli\u015ftirme ve uygulama konusunda uzmanla\u015fm\u0131\u015f bir dan\u0131\u015fmanl\u0131k firmas\u0131d\u0131r. Proje finansman\u0131 genellikle detayl\u0131 teknik ve mali bilgiler bilgiler i\u00e7eren yo\u011fun m\u00fczakerelerin yan\u0131s\u0131ra karma\u015f\u0131k mali belgeleri i\u00e7erir. Bu s\u00fcre\u00e7lerdeki tecr\u00fcbemiz m\u00fc\u015fterilerimizin her a\u015famada ihtiya\u00e7 duyduklar\u0131 uzman tavsiyesi ve deste\u011fi almas\u0131n\u0131 sa\u011flar. Global Partners her projenin kendine \u00f6zg\u00fc ihtiya\u00e7lar\u0131 [&hellip;]","og_url":"https:\/\/globalpartners.com.tr\/tr\/proje-finansmani\/","og_site_name":"Global Partners","article_modified_time":"2019-05-14T14:10:46+00:00","twitter_card":"summary_large_image","twitter_misc":{"Tahmini okuma s\u00fcresi":"1 dakika"},"schema":{"@context":"https:\/\/schema.org","@graph":[{"@type":"WebPage","@id":"https:\/\/globalpartners.com.tr\/tr\/proje-finansmani\/","url":"https:\/\/globalpartners.com.tr\/tr\/proje-finansmani\/","name":"Proje Finansman\u0131 - Global Partners","isPartOf":{"@id":"https:\/\/globalpartners.com.tr\/#website"},"datePublished":"2015-11-21T19:06:11+00:00","dateModified":"2019-05-14T14:10:46+00:00","breadcrumb":{"@id":"https:\/\/globalpartners.com.tr\/tr\/proje-finansmani\/#breadcrumb"},"inLanguage":"tr","potentialAction":[{"@type":"ReadAction","target":["https:\/\/globalpartners.com.tr\/tr\/proje-finansmani\/"]}]},{"@type":"BreadcrumbList","@id":"https:\/\/globalpartners.com.tr\/tr\/proje-finansmani\/#breadcrumb","itemListElement":[{"@type":"ListItem","position":1,"name":"Home","item":"https:\/\/globalpartners.com.tr\/tr\/"},{"@type":"ListItem","position":2,"name":"Proje Finansman\u0131"}]},{"@type":"WebSite","@id":"https:\/\/globalpartners.com.tr\/#website","url":"https:\/\/globalpartners.com.tr\/","name":"Global Partners","description":"Tailored advisory services for financial, technical and legal solutions from a single source.","potentialAction":[{"@type":"SearchAction","target":{"@type":"EntryPoint","urlTemplate":"https:\/\/globalpartners.com.tr\/?s={search_term_string}"},"query-input":{"@type":"PropertyValueSpecification","valueRequired":true,"valueName":"search_term_string"}}],"inLanguage":"tr"}]}},"_links":{"self":[{"href":"https:\/\/globalpartners.com.tr\/tr\/wp-json\/wp\/v2\/pages\/130","targetHints":{"allow":["GET"]}}],"collection":[{"href":"https:\/\/globalpartners.com.tr\/tr\/wp-json\/wp\/v2\/pages"}],"about":[{"href":"https:\/\/globalpartners.com.tr\/tr\/wp-json\/wp\/v2\/types\/page"}],"author":[{"embeddable":true,"href":"https:\/\/globalpartners.com.tr\/tr\/wp-json\/wp\/v2\/users\/1"}],"replies":[{"embeddable":true,"href":"https:\/\/globalpartners.com.tr\/tr\/wp-json\/wp\/v2\/comments?post=130"}],"version-history":[{"count":2,"href":"https:\/\/globalpartners.com.tr\/tr\/wp-json\/wp\/v2\/pages\/130\/revisions"}],"predecessor-version":[{"id":385,"href":"https:\/\/globalpartners.com.tr\/tr\/wp-json\/wp\/v2\/pages\/130\/revisions\/385"}],"wp:attachment":[{"href":"https:\/\/globalpartners.com.tr\/tr\/wp-json\/wp\/v2\/media?parent=130"}],"curies":[{"name":"wp","href":"https:\/\/api.w.org\/{rel}","templated":true}]}}