{"id":128,"date":"2015-11-21T19:04:46","date_gmt":"2015-11-21T19:04:46","guid":{"rendered":"http:\/\/globalpartners.com.tr\/?page_id=128&#038;lang=tr"},"modified":"2019-05-14T14:04:28","modified_gmt":"2019-05-14T14:04:28","slug":"birlesme-ve-satinalma","status":"publish","type":"page","link":"https:\/\/globalpartners.com.tr\/tr\/birlesme-ve-satinalma\/","title":{"rendered":"Birle\u015fme ve Sat\u0131nalma"},"content":{"rendered":"<h3>Global Partners, M&amp;A dan\u0131\u015fmanl\u0131\u011f\u0131 verdi\u011fi firmalar i\u00e7in potansiyel olabilecek t\u00fcm uluslararas\u0131 ve yerel finansal ve stratejik yat\u0131r\u0131mc\u0131lar ile g\u00f6r\u00fc\u015ferek, i\u015fletmeyi en iyi \u015fekilde tan\u0131tma ve firmaya en y\u00fcksek getiriyi garanti edecek anla\u015fmay\u0131 kurgulama konusunda destek vermektedir. Bu kritik s\u00fcre\u00e7te, Global Partners \u015firketin sat\u0131\u015fa haz\u0131rlanmas\u0131, sat\u0131\u015f stratejisi geli\u015ftirilmesi, \u015firketin ger\u00e7ek piyasa de\u011ferinin belirlenmesi, CIM (Confidential Information Memorandum) haz\u0131rlanmas\u0131, data\u00a0 room a\u00e7\u0131lmas\u0131 gibi kritik unsurlar\u0131 da y\u00f6netmektedir.<\/h3>\n<p>&nbsp;<\/p>\n<p>Ayr\u0131ca yat\u0131r\u0131mc\u0131n\u0131n bak\u0131\u015f a\u00e7\u0131s\u0131 ve yat\u0131r\u0131m kriterleri ile analiz yapabilmek kritik \u00f6nem ta\u015f\u0131d\u0131\u011f\u0131ndan, i\u015fletmenin b\u00fcy\u00fcme stratejisi, y\u00f6netim ekibinin kalitesi, net nakit ak\u0131m becerisi ve piyasa konumu gibi i\u015fletme de\u011ferini etkileyen fakt\u00f6rlerin geli\u015ftirilmesi konusunda da ekibimiz destek vermektedir.<\/p>\n<p>&nbsp;<\/p>\n<p>H\u0131zla de\u011fi\u015fmekte olan i\u015f \u015fartlar\u0131na adapte olabilmek ve b\u00fcy\u00fcme hedeflerine ula\u015fabilmek i\u00e7in g\u00fc\u00e7l\u00fc bir sermaye yap\u0131s\u0131n\u0131n yan\u0131 s\u0131ra uzun vadeli finans kayna\u011f\u0131 gerekti\u011fini biliyoruz. Sermaye yap\u0131s\u0131n\u0131 g\u00fc\u00e7lendirip i\u015fin geli\u015fimine katk\u0131da bulunabilecek gerekli bilgi birikimine sahip yabanc\u0131 yat\u0131r\u0131mc\u0131lar, stratejik al\u0131c\u0131lar ve \u00f6zel sermaye firmalar\u0131n\u0131n bulunmas\u0131nda ve ortakl\u0131k s\u00fcre\u00e7lerinin y\u00f6netiminde global a\u011f\u0131m\u0131zla yan\u0131n\u0131zday\u0131z.<\/p>\n","protected":false},"excerpt":{"rendered":"<p>Global Partners, M&amp;A dan\u0131\u015fmanl\u0131\u011f\u0131 verdi\u011fi firmalar i\u00e7in potansiyel olabilecek t\u00fcm uluslararas\u0131 ve yerel finansal ve stratejik yat\u0131r\u0131mc\u0131lar ile g\u00f6r\u00fc\u015ferek, i\u015fletmeyi en iyi \u015fekilde tan\u0131tma ve firmaya en y\u00fcksek getiriyi garanti edecek anla\u015fmay\u0131 kurgulama konusunda destek vermektedir. Bu kritik s\u00fcre\u00e7te, Global Partners \u015firketin sat\u0131\u015fa haz\u0131rlanmas\u0131, sat\u0131\u015f stratejisi geli\u015ftirilmesi, \u015firketin ger\u00e7ek piyasa de\u011ferinin belirlenmesi, CIM (Confidential Information [&hellip;]<\/p>\n","protected":false},"author":1,"featured_media":0,"parent":0,"menu_order":0,"comment_status":"closed","ping_status":"closed","template":"","meta":{"footnotes":""},"class_list":["post-128","page","type-page","status-publish","hentry"],"yoast_head":"<!-- This site is optimized with the Yoast SEO plugin v24.9 - https:\/\/yoast.com\/wordpress\/plugins\/seo\/ -->\n<title>Birle\u015fme ve Sat\u0131nalma - Global Partners<\/title>\n<meta name=\"robots\" content=\"index, follow, max-snippet:-1, max-image-preview:large, max-video-preview:-1\" \/>\n<link rel=\"canonical\" href=\"https:\/\/globalpartners.com.tr\/tr\/birlesme-ve-satinalma\/\" \/>\n<meta property=\"og:locale\" content=\"tr_TR\" \/>\n<meta property=\"og:type\" content=\"article\" \/>\n<meta property=\"og:title\" content=\"Birle\u015fme ve Sat\u0131nalma - Global Partners\" \/>\n<meta property=\"og:description\" content=\"Global Partners, M&amp;A dan\u0131\u015fmanl\u0131\u011f\u0131 verdi\u011fi firmalar i\u00e7in potansiyel olabilecek t\u00fcm uluslararas\u0131 ve yerel finansal ve stratejik yat\u0131r\u0131mc\u0131lar ile g\u00f6r\u00fc\u015ferek, i\u015fletmeyi en iyi \u015fekilde tan\u0131tma ve firmaya en y\u00fcksek getiriyi garanti edecek anla\u015fmay\u0131 kurgulama konusunda destek vermektedir. Bu kritik s\u00fcre\u00e7te, Global Partners \u015firketin sat\u0131\u015fa haz\u0131rlanmas\u0131, sat\u0131\u015f stratejisi geli\u015ftirilmesi, \u015firketin ger\u00e7ek piyasa de\u011ferinin belirlenmesi, CIM (Confidential Information [&hellip;]\" \/>\n<meta property=\"og:url\" content=\"https:\/\/globalpartners.com.tr\/tr\/birlesme-ve-satinalma\/\" \/>\n<meta property=\"og:site_name\" content=\"Global Partners\" \/>\n<meta property=\"article:modified_time\" content=\"2019-05-14T14:04:28+00:00\" \/>\n<meta name=\"twitter:card\" content=\"summary_large_image\" \/>\n<meta name=\"twitter:label1\" content=\"Tahmini okuma s\u00fcresi\" \/>\n\t<meta name=\"twitter:data1\" content=\"1 dakika\" \/>\n<script type=\"application\/ld+json\" class=\"yoast-schema-graph\">{\"@context\":\"https:\/\/schema.org\",\"@graph\":[{\"@type\":\"WebPage\",\"@id\":\"https:\/\/globalpartners.com.tr\/tr\/birlesme-ve-satinalma\/\",\"url\":\"https:\/\/globalpartners.com.tr\/tr\/birlesme-ve-satinalma\/\",\"name\":\"Birle\u015fme ve Sat\u0131nalma - Global Partners\",\"isPartOf\":{\"@id\":\"https:\/\/globalpartners.com.tr\/#website\"},\"datePublished\":\"2015-11-21T19:04:46+00:00\",\"dateModified\":\"2019-05-14T14:04:28+00:00\",\"breadcrumb\":{\"@id\":\"https:\/\/globalpartners.com.tr\/tr\/birlesme-ve-satinalma\/#breadcrumb\"},\"inLanguage\":\"tr\",\"potentialAction\":[{\"@type\":\"ReadAction\",\"target\":[\"https:\/\/globalpartners.com.tr\/tr\/birlesme-ve-satinalma\/\"]}]},{\"@type\":\"BreadcrumbList\",\"@id\":\"https:\/\/globalpartners.com.tr\/tr\/birlesme-ve-satinalma\/#breadcrumb\",\"itemListElement\":[{\"@type\":\"ListItem\",\"position\":1,\"name\":\"Home\",\"item\":\"https:\/\/globalpartners.com.tr\/tr\/\"},{\"@type\":\"ListItem\",\"position\":2,\"name\":\"Birle\u015fme ve Sat\u0131nalma\"}]},{\"@type\":\"WebSite\",\"@id\":\"https:\/\/globalpartners.com.tr\/#website\",\"url\":\"https:\/\/globalpartners.com.tr\/\",\"name\":\"Global Partners\",\"description\":\"Tailored advisory services for financial, technical and legal solutions from a single source.\",\"potentialAction\":[{\"@type\":\"SearchAction\",\"target\":{\"@type\":\"EntryPoint\",\"urlTemplate\":\"https:\/\/globalpartners.com.tr\/?s={search_term_string}\"},\"query-input\":{\"@type\":\"PropertyValueSpecification\",\"valueRequired\":true,\"valueName\":\"search_term_string\"}}],\"inLanguage\":\"tr\"}]}<\/script>\n<!-- \/ Yoast SEO plugin. -->","yoast_head_json":{"title":"Birle\u015fme ve Sat\u0131nalma - Global Partners","robots":{"index":"index","follow":"follow","max-snippet":"max-snippet:-1","max-image-preview":"max-image-preview:large","max-video-preview":"max-video-preview:-1"},"canonical":"https:\/\/globalpartners.com.tr\/tr\/birlesme-ve-satinalma\/","og_locale":"tr_TR","og_type":"article","og_title":"Birle\u015fme ve Sat\u0131nalma - Global Partners","og_description":"Global Partners, M&amp;A dan\u0131\u015fmanl\u0131\u011f\u0131 verdi\u011fi firmalar i\u00e7in potansiyel olabilecek t\u00fcm uluslararas\u0131 ve yerel finansal ve stratejik yat\u0131r\u0131mc\u0131lar ile g\u00f6r\u00fc\u015ferek, i\u015fletmeyi en iyi \u015fekilde tan\u0131tma ve firmaya en y\u00fcksek getiriyi garanti edecek anla\u015fmay\u0131 kurgulama konusunda destek vermektedir. Bu kritik s\u00fcre\u00e7te, Global Partners \u015firketin sat\u0131\u015fa haz\u0131rlanmas\u0131, sat\u0131\u015f stratejisi geli\u015ftirilmesi, \u015firketin ger\u00e7ek piyasa de\u011ferinin belirlenmesi, CIM (Confidential Information [&hellip;]","og_url":"https:\/\/globalpartners.com.tr\/tr\/birlesme-ve-satinalma\/","og_site_name":"Global Partners","article_modified_time":"2019-05-14T14:04:28+00:00","twitter_card":"summary_large_image","twitter_misc":{"Tahmini okuma s\u00fcresi":"1 dakika"},"schema":{"@context":"https:\/\/schema.org","@graph":[{"@type":"WebPage","@id":"https:\/\/globalpartners.com.tr\/tr\/birlesme-ve-satinalma\/","url":"https:\/\/globalpartners.com.tr\/tr\/birlesme-ve-satinalma\/","name":"Birle\u015fme ve Sat\u0131nalma - Global Partners","isPartOf":{"@id":"https:\/\/globalpartners.com.tr\/#website"},"datePublished":"2015-11-21T19:04:46+00:00","dateModified":"2019-05-14T14:04:28+00:00","breadcrumb":{"@id":"https:\/\/globalpartners.com.tr\/tr\/birlesme-ve-satinalma\/#breadcrumb"},"inLanguage":"tr","potentialAction":[{"@type":"ReadAction","target":["https:\/\/globalpartners.com.tr\/tr\/birlesme-ve-satinalma\/"]}]},{"@type":"BreadcrumbList","@id":"https:\/\/globalpartners.com.tr\/tr\/birlesme-ve-satinalma\/#breadcrumb","itemListElement":[{"@type":"ListItem","position":1,"name":"Home","item":"https:\/\/globalpartners.com.tr\/tr\/"},{"@type":"ListItem","position":2,"name":"Birle\u015fme ve Sat\u0131nalma"}]},{"@type":"WebSite","@id":"https:\/\/globalpartners.com.tr\/#website","url":"https:\/\/globalpartners.com.tr\/","name":"Global Partners","description":"Tailored advisory services for financial, technical and legal solutions from a single source.","potentialAction":[{"@type":"SearchAction","target":{"@type":"EntryPoint","urlTemplate":"https:\/\/globalpartners.com.tr\/?s={search_term_string}"},"query-input":{"@type":"PropertyValueSpecification","valueRequired":true,"valueName":"search_term_string"}}],"inLanguage":"tr"}]}},"_links":{"self":[{"href":"https:\/\/globalpartners.com.tr\/tr\/wp-json\/wp\/v2\/pages\/128","targetHints":{"allow":["GET"]}}],"collection":[{"href":"https:\/\/globalpartners.com.tr\/tr\/wp-json\/wp\/v2\/pages"}],"about":[{"href":"https:\/\/globalpartners.com.tr\/tr\/wp-json\/wp\/v2\/types\/page"}],"author":[{"embeddable":true,"href":"https:\/\/globalpartners.com.tr\/tr\/wp-json\/wp\/v2\/users\/1"}],"replies":[{"embeddable":true,"href":"https:\/\/globalpartners.com.tr\/tr\/wp-json\/wp\/v2\/comments?post=128"}],"version-history":[{"count":3,"href":"https:\/\/globalpartners.com.tr\/tr\/wp-json\/wp\/v2\/pages\/128\/revisions"}],"predecessor-version":[{"id":381,"href":"https:\/\/globalpartners.com.tr\/tr\/wp-json\/wp\/v2\/pages\/128\/revisions\/381"}],"wp:attachment":[{"href":"https:\/\/globalpartners.com.tr\/tr\/wp-json\/wp\/v2\/media?parent=128"}],"curies":[{"name":"wp","href":"https:\/\/api.w.org\/{rel}","templated":true}]}}