{"id":126,"date":"2015-11-21T19:04:03","date_gmt":"2015-11-21T19:04:03","guid":{"rendered":"http:\/\/globalpartners.com.tr\/?page_id=126&#038;lang=tr"},"modified":"2019-05-14T14:12:40","modified_gmt":"2019-05-14T14:12:40","slug":"planlama-ve-proje-yonetimi","status":"publish","type":"page","link":"https:\/\/globalpartners.com.tr\/tr\/planlama-ve-proje-yonetimi\/","title":{"rendered":"Planlama ve Proje Y\u00f6netimi"},"content":{"rendered":"<h3><strong>Yat\u0131r\u0131m Planlamas\u0131 ve Y\u00f6netimi<\/strong><\/h3>\n<p>Yat\u0131r\u0131mlar\u0131n, m\u00fc\u015fterilerimizin ihtiya\u00e7lar\u0131na ve kaynaklar\u0131na g\u00f6re do\u011fru bir \u015fekilde planlamas\u0131n\u0131 ve ger\u00e7ekle\u015ftirilmesini sa\u011flamak \u00fczere konusunda deneyimli ve uzman profesyonel kadromuzla yan\u0131n\u0131zday\u0131z. D\u00fc\u015f\u00fcn\u00fclen yat\u0131r\u0131m i\u00e7in, ba\u015flang\u0131c\u0131ndan teslimine kadar t\u00fcm s\u00fcre\u00e7lerini optimize ederek, mali ve fiziki i\u015f programlar\u0131n\u0131 haz\u0131rlayarak ve faaliyetlerin koordineli y\u00fcr\u00fct\u00fclmesi i\u00e7in en uygun organizasyon yap\u0131s\u0131n\u0131 belirleyerek, teknik ve mali alternatifler geli\u015ftirip SWOT analizi ile birlikte m\u00fc\u015fterilerimizin yat\u0131r\u0131mlar\u0131 konusunda en do\u011fru se\u00e7imi yapmalar\u0131n\u0131 sa\u011fl\u0131yoruz.<\/p>\n<p><strong>\u00a0<\/strong><\/p>\n<h3><strong>Proje Y\u00f6netimi<\/strong><\/h3>\n<p>Yat\u0131r\u0131m projelerinin, uluslararas\u0131 proje y\u00f6netim ilkeleri ve kurallar\u0131 \u00e7er\u00e7evesinde ihale a\u015famas\u0131ndan projenin kabul a\u015famas\u0131na kadar t\u00fcm s\u00fcre\u00e7lerini planlayarak, mali ve fiziki i\u015f programlar\u0131n\u0131 haz\u0131rlayarak ve faaliyetlerinin koordineli y\u00fcr\u00fct\u00fclmesi i\u00e7in uygun organizasyon ve proje y\u00f6netim kadrosu ile \u0130\u015fveren ad\u0131na projenin belirlenmi\u015f b\u00fct\u00e7e, termin ve kalite kriterlerinin sa\u011flanmas\u0131 i\u00e7in konusunda deneyimli ve uzman profesyonel kadromuzla m\u00fc\u015fterilerimizin yan\u0131nday\u0131z.<\/p>\n<ul>\n<li>Projenin Ba\u015flat\u0131lmas\u0131<\/li>\n<li>Projenin Planlanmas\u0131<\/li>\n<li>Proje Ekibinin Olu\u015fturulmas\u0131<\/li>\n<li>\u0130hale Y\u00f6netimi<\/li>\n<li>S\u00f6zle\u015fme Y\u00f6netimi<\/li>\n<li>Projenin Uygulanmas\u0131<\/li>\n<li>De\u011fi\u015fim Y\u00f6netimi<\/li>\n<li>Risk Y\u00f6netimi<\/li>\n<li>Kalite Y\u00f6netimi<\/li>\n<li>Devreye Alma<\/li>\n<li>Hak-Talep Y\u00f6netimi<\/li>\n<li>Projenin Teslimi<\/li>\n<li>Proje Kapan\u0131\u015f\u0131<\/li>\n<\/ul>\n<h3><\/h3>\n","protected":false},"excerpt":{"rendered":"<p>Yat\u0131r\u0131m Planlamas\u0131 ve Y\u00f6netimi Yat\u0131r\u0131mlar\u0131n, m\u00fc\u015fterilerimizin ihtiya\u00e7lar\u0131na ve kaynaklar\u0131na g\u00f6re do\u011fru bir \u015fekilde planlamas\u0131n\u0131 ve ger\u00e7ekle\u015ftirilmesini sa\u011flamak \u00fczere konusunda deneyimli ve uzman profesyonel kadromuzla yan\u0131n\u0131zday\u0131z. D\u00fc\u015f\u00fcn\u00fclen yat\u0131r\u0131m i\u00e7in, ba\u015flang\u0131c\u0131ndan teslimine kadar t\u00fcm s\u00fcre\u00e7lerini optimize ederek, mali ve fiziki i\u015f programlar\u0131n\u0131 haz\u0131rlayarak ve faaliyetlerin koordineli y\u00fcr\u00fct\u00fclmesi i\u00e7in en uygun organizasyon yap\u0131s\u0131n\u0131 belirleyerek, teknik ve mali alternatifler [&hellip;]<\/p>\n","protected":false},"author":1,"featured_media":0,"parent":0,"menu_order":0,"comment_status":"closed","ping_status":"closed","template":"","meta":{"footnotes":""},"class_list":["post-126","page","type-page","status-publish","hentry"],"yoast_head":"<!-- This site is optimized with the Yoast SEO plugin v24.9 - https:\/\/yoast.com\/wordpress\/plugins\/seo\/ -->\n<title>Planlama ve Proje Y\u00f6netimi - Global Partners<\/title>\n<meta name=\"robots\" content=\"index, follow, max-snippet:-1, max-image-preview:large, max-video-preview:-1\" \/>\n<link rel=\"canonical\" href=\"https:\/\/globalpartners.com.tr\/tr\/planlama-ve-proje-yonetimi\/\" \/>\n<meta property=\"og:locale\" content=\"tr_TR\" \/>\n<meta property=\"og:type\" content=\"article\" \/>\n<meta property=\"og:title\" content=\"Planlama ve Proje Y\u00f6netimi - Global Partners\" \/>\n<meta property=\"og:description\" content=\"Yat\u0131r\u0131m Planlamas\u0131 ve Y\u00f6netimi Yat\u0131r\u0131mlar\u0131n, m\u00fc\u015fterilerimizin ihtiya\u00e7lar\u0131na ve kaynaklar\u0131na g\u00f6re do\u011fru bir \u015fekilde planlamas\u0131n\u0131 ve ger\u00e7ekle\u015ftirilmesini sa\u011flamak \u00fczere konusunda deneyimli ve uzman profesyonel kadromuzla yan\u0131n\u0131zday\u0131z. D\u00fc\u015f\u00fcn\u00fclen yat\u0131r\u0131m i\u00e7in, ba\u015flang\u0131c\u0131ndan teslimine kadar t\u00fcm s\u00fcre\u00e7lerini optimize ederek, mali ve fiziki i\u015f programlar\u0131n\u0131 haz\u0131rlayarak ve faaliyetlerin koordineli y\u00fcr\u00fct\u00fclmesi i\u00e7in en uygun organizasyon yap\u0131s\u0131n\u0131 belirleyerek, teknik ve mali alternatifler [&hellip;]\" \/>\n<meta property=\"og:url\" content=\"https:\/\/globalpartners.com.tr\/tr\/planlama-ve-proje-yonetimi\/\" \/>\n<meta property=\"og:site_name\" content=\"Global Partners\" \/>\n<meta property=\"article:modified_time\" content=\"2019-05-14T14:12:40+00:00\" \/>\n<meta name=\"twitter:card\" content=\"summary_large_image\" \/>\n<meta name=\"twitter:label1\" content=\"Tahmini okuma s\u00fcresi\" \/>\n\t<meta name=\"twitter:data1\" content=\"1 dakika\" \/>\n<script type=\"application\/ld+json\" class=\"yoast-schema-graph\">{\"@context\":\"https:\/\/schema.org\",\"@graph\":[{\"@type\":\"WebPage\",\"@id\":\"https:\/\/globalpartners.com.tr\/tr\/planlama-ve-proje-yonetimi\/\",\"url\":\"https:\/\/globalpartners.com.tr\/tr\/planlama-ve-proje-yonetimi\/\",\"name\":\"Planlama ve Proje Y\u00f6netimi - Global Partners\",\"isPartOf\":{\"@id\":\"https:\/\/globalpartners.com.tr\/#website\"},\"datePublished\":\"2015-11-21T19:04:03+00:00\",\"dateModified\":\"2019-05-14T14:12:40+00:00\",\"breadcrumb\":{\"@id\":\"https:\/\/globalpartners.com.tr\/tr\/planlama-ve-proje-yonetimi\/#breadcrumb\"},\"inLanguage\":\"tr\",\"potentialAction\":[{\"@type\":\"ReadAction\",\"target\":[\"https:\/\/globalpartners.com.tr\/tr\/planlama-ve-proje-yonetimi\/\"]}]},{\"@type\":\"BreadcrumbList\",\"@id\":\"https:\/\/globalpartners.com.tr\/tr\/planlama-ve-proje-yonetimi\/#breadcrumb\",\"itemListElement\":[{\"@type\":\"ListItem\",\"position\":1,\"name\":\"Home\",\"item\":\"https:\/\/globalpartners.com.tr\/tr\/\"},{\"@type\":\"ListItem\",\"position\":2,\"name\":\"Planlama ve Proje Y\u00f6netimi\"}]},{\"@type\":\"WebSite\",\"@id\":\"https:\/\/globalpartners.com.tr\/#website\",\"url\":\"https:\/\/globalpartners.com.tr\/\",\"name\":\"Global Partners\",\"description\":\"Tailored advisory services for financial, technical and legal solutions from a single source.\",\"potentialAction\":[{\"@type\":\"SearchAction\",\"target\":{\"@type\":\"EntryPoint\",\"urlTemplate\":\"https:\/\/globalpartners.com.tr\/?s={search_term_string}\"},\"query-input\":{\"@type\":\"PropertyValueSpecification\",\"valueRequired\":true,\"valueName\":\"search_term_string\"}}],\"inLanguage\":\"tr\"}]}<\/script>\n<!-- \/ Yoast SEO plugin. -->","yoast_head_json":{"title":"Planlama ve Proje Y\u00f6netimi - Global Partners","robots":{"index":"index","follow":"follow","max-snippet":"max-snippet:-1","max-image-preview":"max-image-preview:large","max-video-preview":"max-video-preview:-1"},"canonical":"https:\/\/globalpartners.com.tr\/tr\/planlama-ve-proje-yonetimi\/","og_locale":"tr_TR","og_type":"article","og_title":"Planlama ve Proje Y\u00f6netimi - Global Partners","og_description":"Yat\u0131r\u0131m Planlamas\u0131 ve Y\u00f6netimi Yat\u0131r\u0131mlar\u0131n, m\u00fc\u015fterilerimizin ihtiya\u00e7lar\u0131na ve kaynaklar\u0131na g\u00f6re do\u011fru bir \u015fekilde planlamas\u0131n\u0131 ve ger\u00e7ekle\u015ftirilmesini sa\u011flamak \u00fczere konusunda deneyimli ve uzman profesyonel kadromuzla yan\u0131n\u0131zday\u0131z. D\u00fc\u015f\u00fcn\u00fclen yat\u0131r\u0131m i\u00e7in, ba\u015flang\u0131c\u0131ndan teslimine kadar t\u00fcm s\u00fcre\u00e7lerini optimize ederek, mali ve fiziki i\u015f programlar\u0131n\u0131 haz\u0131rlayarak ve faaliyetlerin koordineli y\u00fcr\u00fct\u00fclmesi i\u00e7in en uygun organizasyon yap\u0131s\u0131n\u0131 belirleyerek, teknik ve mali alternatifler [&hellip;]","og_url":"https:\/\/globalpartners.com.tr\/tr\/planlama-ve-proje-yonetimi\/","og_site_name":"Global Partners","article_modified_time":"2019-05-14T14:12:40+00:00","twitter_card":"summary_large_image","twitter_misc":{"Tahmini okuma s\u00fcresi":"1 dakika"},"schema":{"@context":"https:\/\/schema.org","@graph":[{"@type":"WebPage","@id":"https:\/\/globalpartners.com.tr\/tr\/planlama-ve-proje-yonetimi\/","url":"https:\/\/globalpartners.com.tr\/tr\/planlama-ve-proje-yonetimi\/","name":"Planlama ve Proje Y\u00f6netimi - Global Partners","isPartOf":{"@id":"https:\/\/globalpartners.com.tr\/#website"},"datePublished":"2015-11-21T19:04:03+00:00","dateModified":"2019-05-14T14:12:40+00:00","breadcrumb":{"@id":"https:\/\/globalpartners.com.tr\/tr\/planlama-ve-proje-yonetimi\/#breadcrumb"},"inLanguage":"tr","potentialAction":[{"@type":"ReadAction","target":["https:\/\/globalpartners.com.tr\/tr\/planlama-ve-proje-yonetimi\/"]}]},{"@type":"BreadcrumbList","@id":"https:\/\/globalpartners.com.tr\/tr\/planlama-ve-proje-yonetimi\/#breadcrumb","itemListElement":[{"@type":"ListItem","position":1,"name":"Home","item":"https:\/\/globalpartners.com.tr\/tr\/"},{"@type":"ListItem","position":2,"name":"Planlama ve Proje Y\u00f6netimi"}]},{"@type":"WebSite","@id":"https:\/\/globalpartners.com.tr\/#website","url":"https:\/\/globalpartners.com.tr\/","name":"Global Partners","description":"Tailored advisory services for financial, technical and legal solutions from a single source.","potentialAction":[{"@type":"SearchAction","target":{"@type":"EntryPoint","urlTemplate":"https:\/\/globalpartners.com.tr\/?s={search_term_string}"},"query-input":{"@type":"PropertyValueSpecification","valueRequired":true,"valueName":"search_term_string"}}],"inLanguage":"tr"}]}},"_links":{"self":[{"href":"https:\/\/globalpartners.com.tr\/tr\/wp-json\/wp\/v2\/pages\/126","targetHints":{"allow":["GET"]}}],"collection":[{"href":"https:\/\/globalpartners.com.tr\/tr\/wp-json\/wp\/v2\/pages"}],"about":[{"href":"https:\/\/globalpartners.com.tr\/tr\/wp-json\/wp\/v2\/types\/page"}],"author":[{"embeddable":true,"href":"https:\/\/globalpartners.com.tr\/tr\/wp-json\/wp\/v2\/users\/1"}],"replies":[{"embeddable":true,"href":"https:\/\/globalpartners.com.tr\/tr\/wp-json\/wp\/v2\/comments?post=126"}],"version-history":[{"count":2,"href":"https:\/\/globalpartners.com.tr\/tr\/wp-json\/wp\/v2\/pages\/126\/revisions"}],"predecessor-version":[{"id":386,"href":"https:\/\/globalpartners.com.tr\/tr\/wp-json\/wp\/v2\/pages\/126\/revisions\/386"}],"wp:attachment":[{"href":"https:\/\/globalpartners.com.tr\/tr\/wp-json\/wp\/v2\/media?parent=126"}],"curies":[{"name":"wp","href":"https:\/\/api.w.org\/{rel}","templated":true}]}}