{"id":124,"date":"2015-11-21T19:03:08","date_gmt":"2015-11-21T19:03:08","guid":{"rendered":"http:\/\/globalpartners.com.tr\/?page_id=124&#038;lang=tr"},"modified":"2015-11-21T19:03:08","modified_gmt":"2015-11-21T19:03:08","slug":"gizlilik-bilgileri","status":"publish","type":"page","link":"https:\/\/globalpartners.com.tr\/tr\/gizlilik-bilgileri\/","title":{"rendered":"Gizlilik Bilgileri"},"content":{"rendered":"<h3>Kullan\u0131m Ko\u015fullar\u0131 ve Yasal Sorumluluk Reddi<\/h3>\n<p class=\"p1\"><b>Genel\u00a0<\/b><\/p>\n<p class=\"p2\"><span class=\"s1\">Globalpartners.com.tr alan ad\u0131 alt\u0131nda bulunan bu web sitesinin yap\u0131m\u0131 ve bak\u0131m\u0131, merkezi \u0130stanbul, T\u00fcrkiye&#8217;de bulunan Globalpartners Dan\u0131\u015fmanl\u0131k A.\u015e.&#8217;ye aittir. Bu web sitesinin kullan\u0131m\u0131nda a\u015fa\u011f\u0131daki kullanma ko\u015fullar\u0131 ge\u00e7erlidir. Kullanma ko\u015fullar\u0131n\u0131 uygun bulmad\u0131\u011f\u0131n\u0131z taktirde, bu web sitesini kullanmaman\u0131z gerekir.\u00a0 Bu web sitesini kullanman\u0131z, kullanma ko\u015fullar\u0131n\u0131 kabul etti\u011finiz anlam\u0131na gelir. Globalpartners Dan\u0131\u015fmanl\u0131k A.\u015e. diledi\u011fi zamanlarda bu kullanma ko\u015fullar\u0131n\u0131 de\u011fi\u015ftirebilir. Yeni kullanma ko\u015fullar\u0131 o tarihten itibaren ge\u00e7erli olmak \u00fczere uygulan\u0131r. Bu kullanma ko\u015fullar\u0131n\u0131n de\u011fi\u015fip de\u011fi\u015fmedi\u011fini kontrol etmek sizin sorumlulu\u011funuzdad\u0131r. Bu web sitesindeki bilgilerin her hakk\u0131 mahfuzdur. Sizin de kullan\u0131c\u0131 olarak bu bilgiyi, Global Partners Dan\u0131\u015fmanl\u0131k A.\u015e. firmas\u0131ndan \u00f6nceden yaz\u0131l\u0131 izni olmaks\u0131z\u0131n da\u011f\u0131tman\u0131z, satman\u0131z, \u00e7o\u011faltman\u0131z veya herhangi bir \u015fekilde de\u011fi\u015ftirmeniz yasakt\u0131r.<br \/>\n<\/span><span class=\"s3\"><br \/>\n<\/span><span class=\"s4\"><b>Yasal Sorumluluk Reddi\u00a0<\/b><\/span><\/p>\n<p class=\"p2\"><span class=\"s1\">Bu web sitesi,\u00a0 m\u00fc\u015fterileri bilgilendirmek amac\u0131yla haz\u0131rlanm\u0131\u015ft\u0131r bu web sitesi i\u00e7erisinde yer alan bilgilerin g\u00fcncellenmesinde gecikmeler ve aksamalar olabilece\u011fi ihtimali dikkate al\u0131nmal\u0131d\u0131r bu nedenle<span class=\"Apple-converted-space\">\u00a0 <\/span>Globalpartners Dan\u0131\u015fmanl\u0131k A.\u015e.,<span class=\"Apple-converted-space\">\u00a0 <\/span>her ne t\u00fcrde olursa olsun, bu web sitesinin kullan\u0131m\u0131 veya bu web sitesinin ge\u00e7ici olarak kullan\u0131lamamas\u0131 sonucu ortaya \u00e7\u0131kabilecek ya da ilgisi olan, do\u011frudan veya dolayl\u0131 her t\u00fcrl\u00fc zararla ilgili olarak sorumluluk kabul etmeyecektir. Bu web sitesinin yap\u0131m\u0131 ve bak\u0131m\u0131nda, azami gayret sarf edilecektir, ancak olas\u0131 hatalar, eksiklikler ve\/ya yanl\u0131\u015fl\u0131klar i\u00e7in her ne \u015fekilde olursa olsun garanti verilmez ve her ne \u015fekilde olursa olsun asla mesuliyet kabul edilmez. Bu web sitesindeki bilgiler genel bilgi vermek amac\u0131yla haz\u0131rlanm\u0131\u015f olup dan\u0131\u015fmanl\u0131k hizmeti kapsam\u0131nda de\u011ferlendirilemez. Globalpartners Dan\u0131\u015fmanl\u0131k A.\u015e. bu bilgilerin do\u011frulu\u011funa ve\/ya tam oldu\u011funa dair herhangi bir garanti vermez ve sorumluluk kabul etmez..<\/span><span class=\"s5\">\u00a0<\/span><span class=\"s1\">Bu nedenle s\u00f6z konusu i\u00e7erik profesyonel dan\u0131\u015fmanlar\u0131n ve di\u011fer yetkili dan\u0131\u015fmanlarla yap\u0131lacak g\u00f6r\u00fc\u015fmelerin yerini alacak \u015fekilde kullan\u0131lmamal\u0131d\u0131r. Dan\u0131\u015fmanl\u0131k hizmetleri, profesyonel mali dan\u0131\u015fmanlarla imzalayaca\u011f\u0131n\u0131z s\u00fcreli veya s\u00fcrekli Dan\u0131\u015fmanl\u0131k S\u00f6zle\u015fmeleri \u00e7er\u00e7evesinde sunulmaktad\u0131r. Yasal sorumluluklar ile ilgili her olay\u0131n kendi \u00f6zel \u015fartlar\u0131 bulundu\u011fu, veri ve bilgilerin kullan\u0131m\u0131na ili\u015fkin risklerin taraf\u0131n\u0131za ait oldu\u011fu hususu g\u00f6z \u00f6n\u00fcnde tutulmal\u0131d\u0131r. Bu nedenle, veri ve bilgileri kullanmadan \u00f6nce profesyonel dan\u0131\u015fmanlara ba\u015fvurulmas\u0131 yerinde olacakt\u0131r. <\/span><\/p>\n<p class=\"p1\"><span class=\"s2\"><b>Bilgi M\u00fclkiyeti ve Web Sitesinin Kullan\u0131m\u0131<\/b><\/span><\/p>\n<p class=\"p2\"><span class=\"s1\">Globalpartners Dan\u0131\u015fmanl\u0131k A.\u015e. logosu ve\u00a0\u201cGlobalpartners Dan\u0131\u015fmanl\u0131k A.\u015e.\u201d\u00a0ile\u00a0\u201cThe Everglades Group\u201d\u00a0 ve \u201cThe Everglades Real Estate T\u00fcrkiye\u201d\u00a0 patentiyle ilgili t\u00fcm haklar Globalpartners Dan\u0131\u015fmanl\u0131k A.\u015e.\u2019ye aittir. Globalpartners Dan\u0131\u015fmanl\u0131k A.\u015e.\u2019ye ait web sitesinin her t\u00fcrl\u00fc kullan\u0131m\u0131, Globalpartners Dan\u0131\u015fmanl\u0131k A.\u015e.\u2019nin\u00a0\u201cTelif Hakk\u0131\u201d\u00a0h\u00fck\u00fcmlerine tabi olup, bu i\u015f bu sorumluluk reddinin ayr\u0131lmaz birer par\u00e7as\u0131 olarak yorumlan\u0131r. Globalpartners Dan\u0131\u015fmanl\u0131k A.\u015e., herhangi bir ki\u015fi veya kurulu\u015fun Globalpartners Dan\u0131\u015fmanl\u0131k A.\u015e. web sitesine eri\u015fiminden veya eri\u015fememesinden kaynaklanan hi\u00e7bir zarar veya hasardan sorumlu tutulamaz ve\u00a0 sorumlu de\u011fildir. Bu k\u0131s\u0131tlama, bilgisayar ekipmanlar\u0131 ve bilgisayar sistemlerinde vir\u00fcs, k\u00f6t\u00fc ama\u00e7l\u0131 yaz\u0131l\u0131mlar ve di\u011fer herhangi bir zararl\u0131 bilgisayar kodunun neden oldu\u011fu her t\u00fcrl\u00fc zarar\u0131 i\u00e7ermekte olup bununla s\u0131n\u0131rl\u0131 de\u011fildir.<br \/>\nA\u015fa\u011f\u0131da yer alan web ba\u011flant\u0131 etkinlikleri Globalpartners Dan\u0131\u015fmanl\u0131k A.\u015e. taraf\u0131ndan a\u00e7\u0131k\u00e7a yasaklanm\u0131\u015ft\u0131r. Telif hakk\u0131 ve marka ihlali sorunlar\u0131n\u0131 ortaya \u00e7\u0131karabilir.<br \/>\n\u2022\u00a0\u00a0<span class=\"Apple-converted-space\">\u00a0 <\/span>Logomuzun yetkisiz kullan\u0131m\u0131n\u0131 i\u00e7eren linkler,<br \/>\n\u2022\u00a0\u00a0\u00a0 Framing, inline linkler ya da metataglar,<br \/>\n\u2022\u00a0\u00a0\u00a0 Hyperlinks veya kaynak bulucuyu (URL) gizleyen ve ana sayfay\u0131 atlayan link t\u00fcrleri.<br \/>\n<\/span><span class=\"s3\"><br \/>\n<\/span><span class=\"s4\"><b>\u00dc\u00e7\u00fcnc\u00fc Taraflara Sa\u011flanan Hizmetler \/ Linkler<\/b><\/span><\/p>\n<p class=\"p2\"><span class=\"s1\">Bu web sitesi, internetin do\u011fas\u0131 gere\u011fi bir\u00e7ok farkl\u0131 internet adresine ba\u011flant\u0131 vermektedir. Globalpartners Dan\u0131\u015fmanl\u0131k A.\u015e. bu web sitesi ile ba\u011flant\u0131 verdi\u011fi, tan\u0131t\u0131m\u0131n\u0131 yapt\u0131\u011f\u0131 sitelerin i\u00e7eriklerinden veya gizlilik prensiplerinden sorumlu de\u011fildir. An\u0131lan siteler yoluyla sa\u011flanan veya ula\u015f\u0131lan hi\u00e7bir hizmet veya \u00fcr\u00fcn\u00fc onaylamamakta, garanti etmemekte, bunlar\u0131n kullan\u0131lmas\u0131n\u0131 te\u015fvik veya tavsiye etmemektedir. Bununla birlikte, \u00fc\u00e7\u00fcnc\u00fc \u015fah\u0131slara ait olan ve herhangi bir nedenle uygun olmad\u0131\u011f\u0131n\u0131 d\u00fc\u015f\u00fcnd\u00fc\u011f\u00fc bilgileri siteden \u00e7\u0131karma hakk\u0131n\u0131 sakl\u0131 tutmaktad\u0131r.<\/span><\/p>\n<p class=\"p3\"><span class=\"s1\">Globalpartners Dan\u0131\u015fmanl\u0131k A.\u015e. ile ili\u015fkili olmayan \u00fc\u00e7\u00fcnc\u00fc \u015fah\u0131slarca (ki\u015fi veya kurulu\u015flar) ba\u011flant\u0131lar, internet reklamlar\u0131 veya di\u011fer yollardan Globalpartners Dan\u0131\u015fmanl\u0131k A.\u015e.\u2019ye ait bilgileri web sitelerine reklam verebilirler. Globalpartners Dan\u0131\u015fmanl\u0131k A.\u015e. bu t\u00fcr herhangi bir \u00fc\u00e7\u00fcnc\u00fc taraf\u00e7a sunulan teklifler, bilgiler, yay\u0131nlar veya eylemlerden mesul veya sorumlu tutulmaz. Herhangi bir sorumluluk kabul etmemekte ve s\u00f6z konusu \u00fc\u00e7\u00fcnc\u00fc \u015fah\u0131slarca yay\u0131nlanan bilgiler i\u00e7inde yer alan beyan ve g\u00f6r\u00fc\u015fleri do\u011frudan do\u011fruya veya dolayl\u0131 olarak onaylamamaktad\u0131r. S\u00f6z konusu reklam, teklif ve bilgi do\u011frultusunda hareket etmeye karar veren Globalpartners Dan\u0131\u015fmanl\u0131k A.\u015e. web sitesi kullan\u0131c\u0131lar\u0131 bunu t\u00fcm risk kendilerine ait olmak \u00fczere yaparlar. Globalpartners Dan\u0131\u015fmanl\u0131k A.\u015e., \u00fc\u00e7\u00fcnc\u00fc taraflar\u0131n haklar\u0131n\u0131n ihlali durumunda bilgiyi gizlemek ve web sitesinden bilgi kald\u0131rmak hakk\u0131na sahiptir.\u00a0<\/span><\/p>\n<p class=\"p3\"><span class=\"s1\">Kullan\u0131c\u0131, bu ama\u00e7la olu\u015fturulan ve kar\u015f\u0131l\u0131kl\u0131 etkile\u015fimle kullan\u0131lan bilgisayar alanlar\u0131n\u0131 veya di\u011fer vas\u0131talar\u0131 kullanarak belirli bilgiler yay\u0131nlarken, bilgilerin haz\u0131rlanmas\u0131, yay\u0131nlanmas\u0131 ve da\u011f\u0131t\u0131m\u0131na ili\u015fkin T\u00fcrk yasalar\u0131na uymay\u0131 kabul etmekte ve bu t\u00fcr bilgilerin yasal gerekleri ihlal etmesinden do\u011facak hasarlarla ilgili t\u00fcm sorumlulu\u011fu \u00fcstlenmektedir. Kullan\u0131c\u0131 herhangi bir \u015fekilde itibar zedeleyici veya yasalara ayk\u0131r\u0131 herhangi bir bilgiyi yay\u0131nlamamay\u0131 taahh\u00fct etmektedir.<\/span><\/p>\n<p class=\"p3\"><span class=\"s1\">Globalpartners Dan\u0131\u015fmanl\u0131k A.\u015e, m\u00fc\u015fterilerinden zorunlu olarak almas\u0131 gereken bilgiler yan\u0131nda yaln\u0131zca, vermeyi hedefledi\u011fi en iyi hizmet ve \u00fcr\u00fcn\u00fc sa\u011flamak amac\u0131 ile gerekli oldu\u011funu d\u00fc\u015f\u00fcnd\u00fc\u011f\u00fc bilgileri toplamaktad\u0131r. M\u00fc\u015fterilerimizden ald\u0131\u011f\u0131m\u0131z ki\u015fisel bilgilerin gizlili\u011fini korumak i\u00e7in Globalpartners Dan\u0131\u015fmanl\u0131k A.\u015e, sistem altyap\u0131s\u0131 ve internet sunumlar\u0131n\u0131 en g\u00fcvenilir seviyede tutmaktad\u0131r. Site sayfalar\u0131n\u0131, \u015fahsi herhangi bir bilgi vermeden ziyaret edebilir, canl\u0131 yay\u0131n ve e\u011fitim videolar\u0131n\u0131 izleyebilir ve di\u011fer detayl\u0131 hizmetlerimizden yararlanabilirsiniz. Sitede verdi\u011finiz bilgiler size sunulacak hizmetlerin yerine getirilmesi amac\u0131yla destek hizmeti kurulu\u015flar\u0131yla payla\u015f\u0131labilir Globalpartners Dan\u0131\u015fmanl\u0131k A.\u015e temsil eden bu sayfaya ve\/veya Globalpartners Dan\u0131\u015fmanl\u0131k A.\u015e internet sitesinin herhangi bir sayfas\u0131na girerek, yukar\u0131da bulunan ko\u015fullar\u0131 kabul etmektesiniz. Yukar\u0131da yer alan ko\u015fullar\u0131 kabul etmiyorsan\u0131z l\u00fctfen bu internet sitesini kullanmay\u0131n\u0131z.<\/span><\/p>\n<p class=\"p4\"><span class=\"s2\"><b>Uygulanacak Yasa<\/b><\/span><\/p>\n<p class=\"p3\"><span class=\"s1\">Belirtilen kullan\u0131m ko\u015fullar\u0131n\u0131n ge\u00e7erli oldu\u011fu bu web sitesinin kullan\u0131m\u0131nda T\u00fcrkiye Cumhuriyeti yasalar\u0131 uygulanacakt\u0131r. Her ne \u015fekilde olursa olsun bu web sitesinin kullan\u0131m\u0131yla ilgili olarak Globalpartners Dan\u0131\u015fmanl\u0131k A.\u015e. ile ilgili olu\u015facak fikir ayr\u0131l\u0131klar\u0131n\u0131n \u00e7\u00f6z\u00fclmesinde T.C. \u0130stanbul Mahkemeleri yetkilidir.<\/span><\/p>\n","protected":false},"excerpt":{"rendered":"<p>Kullan\u0131m Ko\u015fullar\u0131 ve Yasal Sorumluluk Reddi Genel\u00a0 Globalpartners.com.tr alan ad\u0131 alt\u0131nda bulunan bu web sitesinin yap\u0131m\u0131 ve bak\u0131m\u0131, merkezi \u0130stanbul, T\u00fcrkiye&#8217;de bulunan Globalpartners Dan\u0131\u015fmanl\u0131k A.\u015e.&#8217;ye aittir. Bu web sitesinin kullan\u0131m\u0131nda a\u015fa\u011f\u0131daki kullanma ko\u015fullar\u0131 ge\u00e7erlidir. Kullanma ko\u015fullar\u0131n\u0131 uygun bulmad\u0131\u011f\u0131n\u0131z taktirde, bu web sitesini kullanmaman\u0131z gerekir.\u00a0 Bu web sitesini kullanman\u0131z, kullanma ko\u015fullar\u0131n\u0131 kabul etti\u011finiz anlam\u0131na gelir. Globalpartners [&hellip;]<\/p>\n","protected":false},"author":1,"featured_media":0,"parent":0,"menu_order":0,"comment_status":"closed","ping_status":"closed","template":"","meta":{"footnotes":""},"class_list":["post-124","page","type-page","status-publish","hentry"],"yoast_head":"<!-- This site is optimized with the Yoast SEO plugin v24.9 - https:\/\/yoast.com\/wordpress\/plugins\/seo\/ -->\n<title>Gizlilik Bilgileri - Global Partners<\/title>\n<meta name=\"robots\" content=\"index, follow, max-snippet:-1, max-image-preview:large, max-video-preview:-1\" \/>\n<link rel=\"canonical\" href=\"https:\/\/globalpartners.com.tr\/tr\/gizlilik-bilgileri\/\" \/>\n<meta property=\"og:locale\" content=\"tr_TR\" \/>\n<meta property=\"og:type\" content=\"article\" \/>\n<meta property=\"og:title\" content=\"Gizlilik Bilgileri - Global Partners\" \/>\n<meta property=\"og:description\" content=\"Kullan\u0131m Ko\u015fullar\u0131 ve Yasal Sorumluluk Reddi Genel\u00a0 Globalpartners.com.tr alan ad\u0131 alt\u0131nda bulunan bu web sitesinin yap\u0131m\u0131 ve bak\u0131m\u0131, merkezi \u0130stanbul, T\u00fcrkiye&#8217;de bulunan Globalpartners Dan\u0131\u015fmanl\u0131k A.\u015e.&#8217;ye aittir. Bu web sitesinin kullan\u0131m\u0131nda a\u015fa\u011f\u0131daki kullanma ko\u015fullar\u0131 ge\u00e7erlidir. Kullanma ko\u015fullar\u0131n\u0131 uygun bulmad\u0131\u011f\u0131n\u0131z taktirde, bu web sitesini kullanmaman\u0131z gerekir.\u00a0 Bu web sitesini kullanman\u0131z, kullanma ko\u015fullar\u0131n\u0131 kabul etti\u011finiz anlam\u0131na gelir. Globalpartners [&hellip;]\" \/>\n<meta property=\"og:url\" content=\"https:\/\/globalpartners.com.tr\/tr\/gizlilik-bilgileri\/\" \/>\n<meta property=\"og:site_name\" content=\"Global Partners\" \/>\n<meta name=\"twitter:card\" content=\"summary_large_image\" \/>\n<meta name=\"twitter:label1\" content=\"Tahmini okuma s\u00fcresi\" \/>\n\t<meta name=\"twitter:data1\" content=\"6 dakika\" \/>\n<script type=\"application\/ld+json\" class=\"yoast-schema-graph\">{\"@context\":\"https:\/\/schema.org\",\"@graph\":[{\"@type\":\"WebPage\",\"@id\":\"https:\/\/globalpartners.com.tr\/tr\/gizlilik-bilgileri\/\",\"url\":\"https:\/\/globalpartners.com.tr\/tr\/gizlilik-bilgileri\/\",\"name\":\"Gizlilik Bilgileri - Global Partners\",\"isPartOf\":{\"@id\":\"https:\/\/globalpartners.com.tr\/#website\"},\"datePublished\":\"2015-11-21T19:03:08+00:00\",\"breadcrumb\":{\"@id\":\"https:\/\/globalpartners.com.tr\/tr\/gizlilik-bilgileri\/#breadcrumb\"},\"inLanguage\":\"tr\",\"potentialAction\":[{\"@type\":\"ReadAction\",\"target\":[\"https:\/\/globalpartners.com.tr\/tr\/gizlilik-bilgileri\/\"]}]},{\"@type\":\"BreadcrumbList\",\"@id\":\"https:\/\/globalpartners.com.tr\/tr\/gizlilik-bilgileri\/#breadcrumb\",\"itemListElement\":[{\"@type\":\"ListItem\",\"position\":1,\"name\":\"Home\",\"item\":\"https:\/\/globalpartners.com.tr\/tr\/\"},{\"@type\":\"ListItem\",\"position\":2,\"name\":\"Gizlilik Bilgileri\"}]},{\"@type\":\"WebSite\",\"@id\":\"https:\/\/globalpartners.com.tr\/#website\",\"url\":\"https:\/\/globalpartners.com.tr\/\",\"name\":\"Global Partners\",\"description\":\"Tailored advisory services for financial, technical and legal solutions from a single source.\",\"potentialAction\":[{\"@type\":\"SearchAction\",\"target\":{\"@type\":\"EntryPoint\",\"urlTemplate\":\"https:\/\/globalpartners.com.tr\/?s={search_term_string}\"},\"query-input\":{\"@type\":\"PropertyValueSpecification\",\"valueRequired\":true,\"valueName\":\"search_term_string\"}}],\"inLanguage\":\"tr\"}]}<\/script>\n<!-- \/ Yoast SEO plugin. -->","yoast_head_json":{"title":"Gizlilik Bilgileri - Global Partners","robots":{"index":"index","follow":"follow","max-snippet":"max-snippet:-1","max-image-preview":"max-image-preview:large","max-video-preview":"max-video-preview:-1"},"canonical":"https:\/\/globalpartners.com.tr\/tr\/gizlilik-bilgileri\/","og_locale":"tr_TR","og_type":"article","og_title":"Gizlilik Bilgileri - Global Partners","og_description":"Kullan\u0131m Ko\u015fullar\u0131 ve Yasal Sorumluluk Reddi Genel\u00a0 Globalpartners.com.tr alan ad\u0131 alt\u0131nda bulunan bu web sitesinin yap\u0131m\u0131 ve bak\u0131m\u0131, merkezi \u0130stanbul, T\u00fcrkiye&#8217;de bulunan Globalpartners Dan\u0131\u015fmanl\u0131k A.\u015e.&#8217;ye aittir. Bu web sitesinin kullan\u0131m\u0131nda a\u015fa\u011f\u0131daki kullanma ko\u015fullar\u0131 ge\u00e7erlidir. Kullanma ko\u015fullar\u0131n\u0131 uygun bulmad\u0131\u011f\u0131n\u0131z taktirde, bu web sitesini kullanmaman\u0131z gerekir.\u00a0 Bu web sitesini kullanman\u0131z, kullanma ko\u015fullar\u0131n\u0131 kabul etti\u011finiz anlam\u0131na gelir. Globalpartners [&hellip;]","og_url":"https:\/\/globalpartners.com.tr\/tr\/gizlilik-bilgileri\/","og_site_name":"Global Partners","twitter_card":"summary_large_image","twitter_misc":{"Tahmini okuma s\u00fcresi":"6 dakika"},"schema":{"@context":"https:\/\/schema.org","@graph":[{"@type":"WebPage","@id":"https:\/\/globalpartners.com.tr\/tr\/gizlilik-bilgileri\/","url":"https:\/\/globalpartners.com.tr\/tr\/gizlilik-bilgileri\/","name":"Gizlilik Bilgileri - Global Partners","isPartOf":{"@id":"https:\/\/globalpartners.com.tr\/#website"},"datePublished":"2015-11-21T19:03:08+00:00","breadcrumb":{"@id":"https:\/\/globalpartners.com.tr\/tr\/gizlilik-bilgileri\/#breadcrumb"},"inLanguage":"tr","potentialAction":[{"@type":"ReadAction","target":["https:\/\/globalpartners.com.tr\/tr\/gizlilik-bilgileri\/"]}]},{"@type":"BreadcrumbList","@id":"https:\/\/globalpartners.com.tr\/tr\/gizlilik-bilgileri\/#breadcrumb","itemListElement":[{"@type":"ListItem","position":1,"name":"Home","item":"https:\/\/globalpartners.com.tr\/tr\/"},{"@type":"ListItem","position":2,"name":"Gizlilik Bilgileri"}]},{"@type":"WebSite","@id":"https:\/\/globalpartners.com.tr\/#website","url":"https:\/\/globalpartners.com.tr\/","name":"Global Partners","description":"Tailored advisory services for financial, technical and legal solutions from a single source.","potentialAction":[{"@type":"SearchAction","target":{"@type":"EntryPoint","urlTemplate":"https:\/\/globalpartners.com.tr\/?s={search_term_string}"},"query-input":{"@type":"PropertyValueSpecification","valueRequired":true,"valueName":"search_term_string"}}],"inLanguage":"tr"}]}},"_links":{"self":[{"href":"https:\/\/globalpartners.com.tr\/tr\/wp-json\/wp\/v2\/pages\/124","targetHints":{"allow":["GET"]}}],"collection":[{"href":"https:\/\/globalpartners.com.tr\/tr\/wp-json\/wp\/v2\/pages"}],"about":[{"href":"https:\/\/globalpartners.com.tr\/tr\/wp-json\/wp\/v2\/types\/page"}],"author":[{"embeddable":true,"href":"https:\/\/globalpartners.com.tr\/tr\/wp-json\/wp\/v2\/users\/1"}],"replies":[{"embeddable":true,"href":"https:\/\/globalpartners.com.tr\/tr\/wp-json\/wp\/v2\/comments?post=124"}],"version-history":[{"count":1,"href":"https:\/\/globalpartners.com.tr\/tr\/wp-json\/wp\/v2\/pages\/124\/revisions"}],"predecessor-version":[{"id":125,"href":"https:\/\/globalpartners.com.tr\/tr\/wp-json\/wp\/v2\/pages\/124\/revisions\/125"}],"wp:attachment":[{"href":"https:\/\/globalpartners.com.tr\/tr\/wp-json\/wp\/v2\/media?parent=124"}],"curies":[{"name":"wp","href":"https:\/\/api.w.org\/{rel}","templated":true}]}}