{"id":113,"date":"2015-11-21T18:56:38","date_gmt":"2015-11-21T18:56:38","guid":{"rendered":"http:\/\/globalpartners.com.tr\/?page_id=113&#038;lang=tr"},"modified":"2019-05-14T14:06:37","modified_gmt":"2019-05-14T14:06:37","slug":"sirket-degerleme","status":"publish","type":"page","link":"https:\/\/globalpartners.com.tr\/tr\/sirket-degerleme\/","title":{"rendered":"\u015eirket De\u011ferleme"},"content":{"rendered":"<h3><\/h3>\n<h3>\u015eirket sat\u0131n al\u0131mlar\u0131nda, yeni ortakl\u0131klar\u0131n kurulumunda ya da mevcut hissedarlar aras\u0131nda ki hisse devirlerinde, ba\u011f\u0131ms\u0131z ve objektif bir \u015fekilde haz\u0131rlanm\u0131\u015f \u015firket de\u011ferleme raporu \u015firketin de\u011ferinin ve ta\u015f\u0131d\u0131\u011f\u0131 risklerin belirlenmesi a\u00e7\u0131s\u0131ndan hayati \u00f6nem ta\u015f\u0131r.<\/h3>\n<p>Global Partners olarak M&amp;A dan\u0131\u015fmanl\u0131\u011f\u0131 verdi\u011fimiz veya \u015firket de\u011ferleme raporuna ihtiya\u00e7 duyan t\u00fcm m\u00fc\u015fterilerimiz i\u00e7in \u015firket de\u011ferleme hizmetini Sermaye Piyasas\u0131 Kurulu (SPK) standartlar\u0131 ve Uluslararas\u0131 standartlar ile uyumlu \u015fekilde en az Y\u00fcksek Lisans ve Doktora seviyesinde \u0130\u015fletme ve \u0130ktisat e\u011fitimi alm\u0131\u015f tecr\u00fcbeli uzman kadromuz ile sunmaktay\u0131z.<\/p>\n<p>Global Partners olarak \u015eirket de\u011ferleme hizmetimizde finans teorisinde kabul g\u00f6rm\u00fc\u015f a\u015fa\u011f\u0131daki de\u011ferleme tekniklerini esas almakta ve raporumuzu \u00e7e\u015fitli modellemeler, analizler ve kar\u015f\u0131la\u015ft\u0131rmalar ile de desteklemekteyiz.<\/p>\n<p>&nbsp;<\/p>\n<p><strong>Maliyet Yakla\u015f\u0131m\u0131<\/strong><\/p>\n<p>Maliyet yakla\u015f\u0131m\u0131nda \u015firket de\u011ferini, firma bilan\u00e7osunun aktif ve pasifinde bulunan varl\u0131k ve bor\u00e7lar\u0131n g\u00fcncel piyasa de\u011ferlerini bularak hesaplamaktay\u0131z. Yapt\u0131\u011f\u0131m\u0131z \u015firket de\u011ferleme \u00e7al\u0131\u015fmalar\u0131nda \u015firketlerin aktifte ve pasifinde bulunan t\u00fcm kalemlerin g\u00fcncel piyasa de\u011ferlerini hesaplamak sureti ile de\u011ferlemeye katmaktay\u0131z.\u00a0 Gerekti\u011finde gayrimenkuller ve makine ekipman i\u00e7in yeniden de\u011ferleme yapt\u0131r\u0131l\u0131r. Firman\u0131n finansal bor\u00e7lar\u0131, ticari bor\u00e7lar ve di\u011fer y\u00fck\u00fcml\u00fcl\u00fcklerini de g\u00fcncel de\u011ferleriyle hesaplayarak \u015firket de\u011ferlemesine dahil etmekteyiz.<\/p>\n<p>&nbsp;<\/p>\n<p><strong>Gelir Yakla\u015f\u0131m\u0131<\/strong><\/p>\n<p>Gelir yakla\u015f\u0131m\u0131nda kullan\u0131lan ba\u015fl\u0131ca y\u00f6ntem \u0130ndirgenmi\u015f nakit ak\u0131m\u0131 (DCF-Discounted Cash Flow) y\u00f6ntemidir. Bu y\u00f6ntem ile \u015firket de\u011ferini hesaplarken, \u015firketin gelecek y\u0131llarda elde edece\u011fi gelirleri, bug\u00fcnk\u00fc de\u011fere indirgeyerek \u015firket de\u011feri hesaplamaktay\u0131z.<\/p>\n<p>Bir \u015firketin gelecekteki gelir ve karlar\u0131, \u015firket sat\u0131n al\u0131mlar\u0131nda \u00f6nemli bir rol oynad\u0131\u011f\u0131 i\u00e7in \u0130ndirgenmi\u015f nakit ak\u0131\u015f\u0131n\u0131n hesaplanmas\u0131 bu s\u00fcre\u00e7te \u00f6nemli bir rol \u00fcstlenir. Yat\u0131r\u0131mc\u0131lar, \u015firketin gelece\u011fine yat\u0131r\u0131m yapt\u0131klar\u0131ndan, indirgenmi\u015f nakit ak\u0131m\u0131 y\u00f6ntemi hesaplamalar\u0131nda uygun beta kat sat\u0131lar\u0131, \u0131skonto oranlar\u0131, b\u00fcy\u00fcme ve 5 y\u0131ll\u0131k projeksiyonlar ile birlikte an\u00fcite hesaplar\u0131n\u0131n hassas bir \u015fekilde yap\u0131lmas\u0131, yat\u0131r\u0131m, ciro ve gelir projeksiyonlar\u0131n anla\u015f\u0131l\u0131r tutarl\u0131 ve yat\u0131r\u0131mc\u0131y\u0131 ikna edici \u015fekilde uluslararas\u0131 standartlara g\u00f6re yap\u0131lmas\u0131 b\u00fcy\u00fck \u00f6nem ta\u015f\u0131r.<\/p>\n<p>Global Partners \u0130ndirgenmi\u015f nakit ak\u0131\u015f\u0131 hesab\u0131nda, \u015firket ortaklar\u0131 ve \u015firket \u00fcst y\u00f6netimi ile birlikte yapaca\u011f\u0131 \u00e7al\u0131\u015fma ile \u015firketin gelecek projeksiyonlar\u0131n\u0131 haz\u0131rlar ve \u015firketin gelecekte elde edece\u011fi gelir potansiyelini de hesaplamalara katarak \u015firket de\u011ferini hesaplar.<\/p>\n<p>&nbsp;<\/p>\n<p><strong>Piyasa Yakla\u015f\u0131m\u0131<\/strong><\/p>\n<p>Global Partners olarak piyasa yakla\u015f\u0131m\u0131 y\u00f6ntemi ile \u015firketlerin de\u011ferini hesaplarken, T\u00fcrkiye ve Uluslararas\u0131 piyasalarda halka arz edilmi\u015f \u015firketlerden ve gerekti\u011finde bu piyasalarda ger\u00e7ekle\u015fmi\u015f birle\u015fme ve sat\u0131n alma verilerinden yola \u00e7\u0131kmaktay\u0131z. Bu y\u00f6ntem, \u015firket de\u011ferini hesaplarken halka arzlar ve piyasada ger\u00e7ekle\u015fmi\u015f olan \u015firket birle\u015fme ve devralma i\u015flemleri ile k\u0131yaslama temeline dayanmaktad\u0131r. Global Partners olarak \u015firket de\u011ferleme \u00e7al\u0131\u015fmalar\u0131m\u0131z\u0131 bu bilgi ve datalar \u0131\u015f\u0131\u011f\u0131nda Piyasa Yakla\u015f\u0131m\u0131 modeline uygun olarak Uluslararas\u0131 standartlarda en ger\u00e7ek\u00e7i ve g\u00fcncel \u015fekilde haz\u0131rlamaktay\u0131z.<\/p>\n","protected":false},"excerpt":{"rendered":"<p>\u015eirket sat\u0131n al\u0131mlar\u0131nda, yeni ortakl\u0131klar\u0131n kurulumunda ya da mevcut hissedarlar aras\u0131nda ki hisse devirlerinde, ba\u011f\u0131ms\u0131z ve objektif bir \u015fekilde haz\u0131rlanm\u0131\u015f \u015firket de\u011ferleme raporu \u015firketin de\u011ferinin ve ta\u015f\u0131d\u0131\u011f\u0131 risklerin belirlenmesi a\u00e7\u0131s\u0131ndan hayati \u00f6nem ta\u015f\u0131r. Global Partners olarak M&amp;A dan\u0131\u015fmanl\u0131\u011f\u0131 verdi\u011fimiz veya \u015firket de\u011ferleme raporuna ihtiya\u00e7 duyan t\u00fcm m\u00fc\u015fterilerimiz i\u00e7in \u015firket de\u011ferleme hizmetini Sermaye Piyasas\u0131 Kurulu (SPK) [&hellip;]<\/p>\n","protected":false},"author":1,"featured_media":0,"parent":0,"menu_order":0,"comment_status":"closed","ping_status":"closed","template":"","meta":{"footnotes":""},"class_list":["post-113","page","type-page","status-publish","hentry"],"yoast_head":"<!-- This site is optimized with the Yoast SEO plugin v24.9 - https:\/\/yoast.com\/wordpress\/plugins\/seo\/ -->\n<title>\u015eirket De\u011ferleme - Global Partners<\/title>\n<meta name=\"robots\" content=\"index, follow, max-snippet:-1, max-image-preview:large, max-video-preview:-1\" \/>\n<link rel=\"canonical\" href=\"https:\/\/globalpartners.com.tr\/tr\/sirket-degerleme\/\" \/>\n<meta property=\"og:locale\" content=\"tr_TR\" \/>\n<meta property=\"og:type\" content=\"article\" \/>\n<meta property=\"og:title\" content=\"\u015eirket De\u011ferleme - Global Partners\" \/>\n<meta property=\"og:description\" content=\"\u015eirket sat\u0131n al\u0131mlar\u0131nda, yeni ortakl\u0131klar\u0131n kurulumunda ya da mevcut hissedarlar aras\u0131nda ki hisse devirlerinde, ba\u011f\u0131ms\u0131z ve objektif bir \u015fekilde haz\u0131rlanm\u0131\u015f \u015firket de\u011ferleme raporu \u015firketin de\u011ferinin ve ta\u015f\u0131d\u0131\u011f\u0131 risklerin belirlenmesi a\u00e7\u0131s\u0131ndan hayati \u00f6nem ta\u015f\u0131r. Global Partners olarak M&amp;A dan\u0131\u015fmanl\u0131\u011f\u0131 verdi\u011fimiz veya \u015firket de\u011ferleme raporuna ihtiya\u00e7 duyan t\u00fcm m\u00fc\u015fterilerimiz i\u00e7in \u015firket de\u011ferleme hizmetini Sermaye Piyasas\u0131 Kurulu (SPK) [&hellip;]\" \/>\n<meta property=\"og:url\" content=\"https:\/\/globalpartners.com.tr\/tr\/sirket-degerleme\/\" \/>\n<meta property=\"og:site_name\" content=\"Global Partners\" \/>\n<meta property=\"article:modified_time\" content=\"2019-05-14T14:06:37+00:00\" \/>\n<meta name=\"twitter:card\" content=\"summary_large_image\" \/>\n<meta name=\"twitter:label1\" content=\"Tahmini okuma s\u00fcresi\" \/>\n\t<meta name=\"twitter:data1\" content=\"3 dakika\" \/>\n<script type=\"application\/ld+json\" class=\"yoast-schema-graph\">{\"@context\":\"https:\/\/schema.org\",\"@graph\":[{\"@type\":\"WebPage\",\"@id\":\"https:\/\/globalpartners.com.tr\/tr\/sirket-degerleme\/\",\"url\":\"https:\/\/globalpartners.com.tr\/tr\/sirket-degerleme\/\",\"name\":\"\u015eirket De\u011ferleme - Global Partners\",\"isPartOf\":{\"@id\":\"https:\/\/globalpartners.com.tr\/#website\"},\"datePublished\":\"2015-11-21T18:56:38+00:00\",\"dateModified\":\"2019-05-14T14:06:37+00:00\",\"breadcrumb\":{\"@id\":\"https:\/\/globalpartners.com.tr\/tr\/sirket-degerleme\/#breadcrumb\"},\"inLanguage\":\"tr\",\"potentialAction\":[{\"@type\":\"ReadAction\",\"target\":[\"https:\/\/globalpartners.com.tr\/tr\/sirket-degerleme\/\"]}]},{\"@type\":\"BreadcrumbList\",\"@id\":\"https:\/\/globalpartners.com.tr\/tr\/sirket-degerleme\/#breadcrumb\",\"itemListElement\":[{\"@type\":\"ListItem\",\"position\":1,\"name\":\"Home\",\"item\":\"https:\/\/globalpartners.com.tr\/tr\/\"},{\"@type\":\"ListItem\",\"position\":2,\"name\":\"\u015eirket De\u011ferleme\"}]},{\"@type\":\"WebSite\",\"@id\":\"https:\/\/globalpartners.com.tr\/#website\",\"url\":\"https:\/\/globalpartners.com.tr\/\",\"name\":\"Global Partners\",\"description\":\"Tailored advisory services for financial, technical and legal solutions from a single source.\",\"potentialAction\":[{\"@type\":\"SearchAction\",\"target\":{\"@type\":\"EntryPoint\",\"urlTemplate\":\"https:\/\/globalpartners.com.tr\/?s={search_term_string}\"},\"query-input\":{\"@type\":\"PropertyValueSpecification\",\"valueRequired\":true,\"valueName\":\"search_term_string\"}}],\"inLanguage\":\"tr\"}]}<\/script>\n<!-- \/ Yoast SEO plugin. -->","yoast_head_json":{"title":"\u015eirket De\u011ferleme - Global Partners","robots":{"index":"index","follow":"follow","max-snippet":"max-snippet:-1","max-image-preview":"max-image-preview:large","max-video-preview":"max-video-preview:-1"},"canonical":"https:\/\/globalpartners.com.tr\/tr\/sirket-degerleme\/","og_locale":"tr_TR","og_type":"article","og_title":"\u015eirket De\u011ferleme - Global Partners","og_description":"\u015eirket sat\u0131n al\u0131mlar\u0131nda, yeni ortakl\u0131klar\u0131n kurulumunda ya da mevcut hissedarlar aras\u0131nda ki hisse devirlerinde, ba\u011f\u0131ms\u0131z ve objektif bir \u015fekilde haz\u0131rlanm\u0131\u015f \u015firket de\u011ferleme raporu \u015firketin de\u011ferinin ve ta\u015f\u0131d\u0131\u011f\u0131 risklerin belirlenmesi a\u00e7\u0131s\u0131ndan hayati \u00f6nem ta\u015f\u0131r. Global Partners olarak M&amp;A dan\u0131\u015fmanl\u0131\u011f\u0131 verdi\u011fimiz veya \u015firket de\u011ferleme raporuna ihtiya\u00e7 duyan t\u00fcm m\u00fc\u015fterilerimiz i\u00e7in \u015firket de\u011ferleme hizmetini Sermaye Piyasas\u0131 Kurulu (SPK) [&hellip;]","og_url":"https:\/\/globalpartners.com.tr\/tr\/sirket-degerleme\/","og_site_name":"Global Partners","article_modified_time":"2019-05-14T14:06:37+00:00","twitter_card":"summary_large_image","twitter_misc":{"Tahmini okuma s\u00fcresi":"3 dakika"},"schema":{"@context":"https:\/\/schema.org","@graph":[{"@type":"WebPage","@id":"https:\/\/globalpartners.com.tr\/tr\/sirket-degerleme\/","url":"https:\/\/globalpartners.com.tr\/tr\/sirket-degerleme\/","name":"\u015eirket De\u011ferleme - Global Partners","isPartOf":{"@id":"https:\/\/globalpartners.com.tr\/#website"},"datePublished":"2015-11-21T18:56:38+00:00","dateModified":"2019-05-14T14:06:37+00:00","breadcrumb":{"@id":"https:\/\/globalpartners.com.tr\/tr\/sirket-degerleme\/#breadcrumb"},"inLanguage":"tr","potentialAction":[{"@type":"ReadAction","target":["https:\/\/globalpartners.com.tr\/tr\/sirket-degerleme\/"]}]},{"@type":"BreadcrumbList","@id":"https:\/\/globalpartners.com.tr\/tr\/sirket-degerleme\/#breadcrumb","itemListElement":[{"@type":"ListItem","position":1,"name":"Home","item":"https:\/\/globalpartners.com.tr\/tr\/"},{"@type":"ListItem","position":2,"name":"\u015eirket De\u011ferleme"}]},{"@type":"WebSite","@id":"https:\/\/globalpartners.com.tr\/#website","url":"https:\/\/globalpartners.com.tr\/","name":"Global Partners","description":"Tailored advisory services for financial, technical and legal solutions from a single source.","potentialAction":[{"@type":"SearchAction","target":{"@type":"EntryPoint","urlTemplate":"https:\/\/globalpartners.com.tr\/?s={search_term_string}"},"query-input":{"@type":"PropertyValueSpecification","valueRequired":true,"valueName":"search_term_string"}}],"inLanguage":"tr"}]}},"_links":{"self":[{"href":"https:\/\/globalpartners.com.tr\/tr\/wp-json\/wp\/v2\/pages\/113","targetHints":{"allow":["GET"]}}],"collection":[{"href":"https:\/\/globalpartners.com.tr\/tr\/wp-json\/wp\/v2\/pages"}],"about":[{"href":"https:\/\/globalpartners.com.tr\/tr\/wp-json\/wp\/v2\/types\/page"}],"author":[{"embeddable":true,"href":"https:\/\/globalpartners.com.tr\/tr\/wp-json\/wp\/v2\/users\/1"}],"replies":[{"embeddable":true,"href":"https:\/\/globalpartners.com.tr\/tr\/wp-json\/wp\/v2\/comments?post=113"}],"version-history":[{"count":3,"href":"https:\/\/globalpartners.com.tr\/tr\/wp-json\/wp\/v2\/pages\/113\/revisions"}],"predecessor-version":[{"id":382,"href":"https:\/\/globalpartners.com.tr\/tr\/wp-json\/wp\/v2\/pages\/113\/revisions\/382"}],"wp:attachment":[{"href":"https:\/\/globalpartners.com.tr\/tr\/wp-json\/wp\/v2\/media?parent=113"}],"curies":[{"name":"wp","href":"https:\/\/api.w.org\/{rel}","templated":true}]}}