{"id":106,"date":"2015-11-21T18:42:26","date_gmt":"2015-11-21T18:42:26","guid":{"rendered":"http:\/\/globalpartners.com.tr\/?page_id=106&#038;lang=tr"},"modified":"2019-05-14T10:40:26","modified_gmt":"2019-05-14T10:40:26","slug":"hakkimizda","status":"publish","type":"page","link":"https:\/\/globalpartners.com.tr\/tr\/hakkimizda\/","title":{"rendered":"Hakk\u0131m\u0131zda"},"content":{"rendered":"<p>[vc_row][vc_column][vc_row_inner][vc_column_inner width=&#8221;1\/4&#8243;][vc_single_image image=&#8221;9&#8243; img_size=&#8221;full&#8221;][\/vc_column_inner][vc_column_inner width=&#8221;3\/4&#8243;][vc_column_text]Global Partners, bankac\u0131l\u0131k, finans, end\u00fcstri ve in\u015faat alanlar\u0131nda deneyimli bir ekip taraf\u0131ndan 2014 y\u0131l\u0131nda kurulmu\u015ftur.T\u00fcrk pazarlar\u0131na yat\u0131r\u0131m veya ticaret yapmak isteyen yabanc\u0131 \u015firketlere, uluslararas\u0131 fonlara ve T\u00fcrk \u015firketlerine dan\u0131\u015fmanl\u0131k hizmetleri sunmaktay\u0131z.<\/p>\n<p>Firmalar\u0131n uzun d\u00f6nem k\u00e2rl\u0131l\u0131\u011f\u0131n\u0131 ve s\u00fcrd\u00fcr\u00fclebilirli\u011fini art\u0131racak yat\u0131r\u0131m projelerinde verdi\u011fimiz kurumsal finans dan\u0131\u015fmanl\u0131\u011f\u0131n\u0131n yan\u0131 s\u0131ra \u015firketlerin sermaye fonlar\u0131yla desteklenmesi ve hisse sat\u0131\u015f s\u00fcre\u00e7lerini de y\u00f6netmekteyiz.<\/p>\n<p>Globalle\u015fen d\u00fcnyada gerek finansal gerekse teknik bilgi ve beceri \u00f6nem kazanmaktad\u0131r. Global Partners olarak m\u00fc\u015fterilerimize, \u015firketlerinin de\u011ferini maksimize etmek ve s\u00fcrekli art\u0131rmak i\u00e7in deneyimli ve uzman ekibimizle en do\u011fru ve profesyonel \u00e7\u00f6z\u00fcmlerle hizmet vermekteyiz.<\/p>\n<blockquote><p><em>En iyi hizmetin bilgi ve tecr\u00fcbenin en verimli kombinasyonu ile sa\u011flanaca\u011f\u0131n\u0131 biliyoruz. Global a\u011f\u0131m\u0131z ve bilgi birikimimizle geli\u015fiminiz i\u00e7in yan\u0131n\u0131zday\u0131z.<\/em><\/p><\/blockquote>\n<p>[\/vc_column_text][\/vc_column_inner][\/vc_row_inner][\/vc_column][\/vc_row]<\/p>\n","protected":false},"excerpt":{"rendered":"<p>[vc_row][vc_column][vc_row_inner][vc_column_inner width=&#8221;1\/4&#8243;][vc_single_image image=&#8221;9&#8243; img_size=&#8221;full&#8221;][\/vc_column_inner][vc_column_inner width=&#8221;3\/4&#8243;][vc_column_text]Global Partners, bankac\u0131l\u0131k, finans, end\u00fcstri ve in\u015faat alanlar\u0131nda deneyimli bir ekip taraf\u0131ndan 2014 y\u0131l\u0131nda kurulmu\u015ftur.T\u00fcrk pazarlar\u0131na yat\u0131r\u0131m veya ticaret yapmak isteyen yabanc\u0131 \u015firketlere, uluslararas\u0131 fonlara ve T\u00fcrk \u015firketlerine dan\u0131\u015fmanl\u0131k hizmetleri sunmaktay\u0131z. Firmalar\u0131n uzun d\u00f6nem k\u00e2rl\u0131l\u0131\u011f\u0131n\u0131 ve s\u00fcrd\u00fcr\u00fclebilirli\u011fini art\u0131racak yat\u0131r\u0131m projelerinde verdi\u011fimiz kurumsal finans dan\u0131\u015fmanl\u0131\u011f\u0131n\u0131n yan\u0131 s\u0131ra \u015firketlerin sermaye fonlar\u0131yla desteklenmesi ve [&hellip;]<\/p>\n","protected":false},"author":1,"featured_media":0,"parent":0,"menu_order":0,"comment_status":"closed","ping_status":"closed","template":"","meta":{"footnotes":""},"class_list":["post-106","page","type-page","status-publish","hentry"],"yoast_head":"<!-- This site is optimized with the Yoast SEO plugin v24.9 - https:\/\/yoast.com\/wordpress\/plugins\/seo\/ -->\n<title>Hakk\u0131m\u0131zda - Global Partners<\/title>\n<meta name=\"robots\" content=\"index, follow, max-snippet:-1, max-image-preview:large, max-video-preview:-1\" \/>\n<link rel=\"canonical\" href=\"https:\/\/globalpartners.com.tr\/tr\/hakkimizda\/\" \/>\n<meta property=\"og:locale\" content=\"tr_TR\" \/>\n<meta property=\"og:type\" content=\"article\" \/>\n<meta property=\"og:title\" content=\"Hakk\u0131m\u0131zda - Global Partners\" \/>\n<meta property=\"og:description\" content=\"[vc_row][vc_column][vc_row_inner][vc_column_inner width=&#8221;1\/4&#8243;][vc_single_image image=&#8221;9&#8243; img_size=&#8221;full&#8221;][\/vc_column_inner][vc_column_inner width=&#8221;3\/4&#8243;][vc_column_text]Global Partners, bankac\u0131l\u0131k, finans, end\u00fcstri ve in\u015faat alanlar\u0131nda deneyimli bir ekip taraf\u0131ndan 2014 y\u0131l\u0131nda kurulmu\u015ftur.T\u00fcrk pazarlar\u0131na yat\u0131r\u0131m veya ticaret yapmak isteyen yabanc\u0131 \u015firketlere, uluslararas\u0131 fonlara ve T\u00fcrk \u015firketlerine dan\u0131\u015fmanl\u0131k hizmetleri sunmaktay\u0131z. Firmalar\u0131n uzun d\u00f6nem k\u00e2rl\u0131l\u0131\u011f\u0131n\u0131 ve s\u00fcrd\u00fcr\u00fclebilirli\u011fini art\u0131racak yat\u0131r\u0131m projelerinde verdi\u011fimiz kurumsal finans dan\u0131\u015fmanl\u0131\u011f\u0131n\u0131n yan\u0131 s\u0131ra \u015firketlerin sermaye fonlar\u0131yla desteklenmesi ve [&hellip;]\" \/>\n<meta property=\"og:url\" content=\"https:\/\/globalpartners.com.tr\/tr\/hakkimizda\/\" \/>\n<meta property=\"og:site_name\" content=\"Global Partners\" \/>\n<meta property=\"article:modified_time\" content=\"2019-05-14T10:40:26+00:00\" \/>\n<meta name=\"twitter:card\" content=\"summary_large_image\" \/>\n<meta name=\"twitter:label1\" content=\"Tahmini okuma s\u00fcresi\" \/>\n\t<meta name=\"twitter:data1\" content=\"1 dakika\" \/>\n<script type=\"application\/ld+json\" class=\"yoast-schema-graph\">{\"@context\":\"https:\/\/schema.org\",\"@graph\":[{\"@type\":\"WebPage\",\"@id\":\"https:\/\/globalpartners.com.tr\/tr\/hakkimizda\/\",\"url\":\"https:\/\/globalpartners.com.tr\/tr\/hakkimizda\/\",\"name\":\"Hakk\u0131m\u0131zda - Global Partners\",\"isPartOf\":{\"@id\":\"https:\/\/globalpartners.com.tr\/#website\"},\"datePublished\":\"2015-11-21T18:42:26+00:00\",\"dateModified\":\"2019-05-14T10:40:26+00:00\",\"breadcrumb\":{\"@id\":\"https:\/\/globalpartners.com.tr\/tr\/hakkimizda\/#breadcrumb\"},\"inLanguage\":\"tr\",\"potentialAction\":[{\"@type\":\"ReadAction\",\"target\":[\"https:\/\/globalpartners.com.tr\/tr\/hakkimizda\/\"]}]},{\"@type\":\"BreadcrumbList\",\"@id\":\"https:\/\/globalpartners.com.tr\/tr\/hakkimizda\/#breadcrumb\",\"itemListElement\":[{\"@type\":\"ListItem\",\"position\":1,\"name\":\"Home\",\"item\":\"https:\/\/globalpartners.com.tr\/tr\/\"},{\"@type\":\"ListItem\",\"position\":2,\"name\":\"Hakk\u0131m\u0131zda\"}]},{\"@type\":\"WebSite\",\"@id\":\"https:\/\/globalpartners.com.tr\/#website\",\"url\":\"https:\/\/globalpartners.com.tr\/\",\"name\":\"Global Partners\",\"description\":\"Tailored advisory services for financial, technical and legal solutions from a single source.\",\"potentialAction\":[{\"@type\":\"SearchAction\",\"target\":{\"@type\":\"EntryPoint\",\"urlTemplate\":\"https:\/\/globalpartners.com.tr\/?s={search_term_string}\"},\"query-input\":{\"@type\":\"PropertyValueSpecification\",\"valueRequired\":true,\"valueName\":\"search_term_string\"}}],\"inLanguage\":\"tr\"}]}<\/script>\n<!-- \/ Yoast SEO plugin. -->","yoast_head_json":{"title":"Hakk\u0131m\u0131zda - Global Partners","robots":{"index":"index","follow":"follow","max-snippet":"max-snippet:-1","max-image-preview":"max-image-preview:large","max-video-preview":"max-video-preview:-1"},"canonical":"https:\/\/globalpartners.com.tr\/tr\/hakkimizda\/","og_locale":"tr_TR","og_type":"article","og_title":"Hakk\u0131m\u0131zda - Global Partners","og_description":"[vc_row][vc_column][vc_row_inner][vc_column_inner width=&#8221;1\/4&#8243;][vc_single_image image=&#8221;9&#8243; img_size=&#8221;full&#8221;][\/vc_column_inner][vc_column_inner width=&#8221;3\/4&#8243;][vc_column_text]Global Partners, bankac\u0131l\u0131k, finans, end\u00fcstri ve in\u015faat alanlar\u0131nda deneyimli bir ekip taraf\u0131ndan 2014 y\u0131l\u0131nda kurulmu\u015ftur.T\u00fcrk pazarlar\u0131na yat\u0131r\u0131m veya ticaret yapmak isteyen yabanc\u0131 \u015firketlere, uluslararas\u0131 fonlara ve T\u00fcrk \u015firketlerine dan\u0131\u015fmanl\u0131k hizmetleri sunmaktay\u0131z. Firmalar\u0131n uzun d\u00f6nem k\u00e2rl\u0131l\u0131\u011f\u0131n\u0131 ve s\u00fcrd\u00fcr\u00fclebilirli\u011fini art\u0131racak yat\u0131r\u0131m projelerinde verdi\u011fimiz kurumsal finans dan\u0131\u015fmanl\u0131\u011f\u0131n\u0131n yan\u0131 s\u0131ra \u015firketlerin sermaye fonlar\u0131yla desteklenmesi ve [&hellip;]","og_url":"https:\/\/globalpartners.com.tr\/tr\/hakkimizda\/","og_site_name":"Global Partners","article_modified_time":"2019-05-14T10:40:26+00:00","twitter_card":"summary_large_image","twitter_misc":{"Tahmini okuma s\u00fcresi":"1 dakika"},"schema":{"@context":"https:\/\/schema.org","@graph":[{"@type":"WebPage","@id":"https:\/\/globalpartners.com.tr\/tr\/hakkimizda\/","url":"https:\/\/globalpartners.com.tr\/tr\/hakkimizda\/","name":"Hakk\u0131m\u0131zda - Global Partners","isPartOf":{"@id":"https:\/\/globalpartners.com.tr\/#website"},"datePublished":"2015-11-21T18:42:26+00:00","dateModified":"2019-05-14T10:40:26+00:00","breadcrumb":{"@id":"https:\/\/globalpartners.com.tr\/tr\/hakkimizda\/#breadcrumb"},"inLanguage":"tr","potentialAction":[{"@type":"ReadAction","target":["https:\/\/globalpartners.com.tr\/tr\/hakkimizda\/"]}]},{"@type":"BreadcrumbList","@id":"https:\/\/globalpartners.com.tr\/tr\/hakkimizda\/#breadcrumb","itemListElement":[{"@type":"ListItem","position":1,"name":"Home","item":"https:\/\/globalpartners.com.tr\/tr\/"},{"@type":"ListItem","position":2,"name":"Hakk\u0131m\u0131zda"}]},{"@type":"WebSite","@id":"https:\/\/globalpartners.com.tr\/#website","url":"https:\/\/globalpartners.com.tr\/","name":"Global Partners","description":"Tailored advisory services for financial, technical and legal solutions from a single source.","potentialAction":[{"@type":"SearchAction","target":{"@type":"EntryPoint","urlTemplate":"https:\/\/globalpartners.com.tr\/?s={search_term_string}"},"query-input":{"@type":"PropertyValueSpecification","valueRequired":true,"valueName":"search_term_string"}}],"inLanguage":"tr"}]}},"_links":{"self":[{"href":"https:\/\/globalpartners.com.tr\/tr\/wp-json\/wp\/v2\/pages\/106","targetHints":{"allow":["GET"]}}],"collection":[{"href":"https:\/\/globalpartners.com.tr\/tr\/wp-json\/wp\/v2\/pages"}],"about":[{"href":"https:\/\/globalpartners.com.tr\/tr\/wp-json\/wp\/v2\/types\/page"}],"author":[{"embeddable":true,"href":"https:\/\/globalpartners.com.tr\/tr\/wp-json\/wp\/v2\/users\/1"}],"replies":[{"embeddable":true,"href":"https:\/\/globalpartners.com.tr\/tr\/wp-json\/wp\/v2\/comments?post=106"}],"version-history":[{"count":8,"href":"https:\/\/globalpartners.com.tr\/tr\/wp-json\/wp\/v2\/pages\/106\/revisions"}],"predecessor-version":[{"id":379,"href":"https:\/\/globalpartners.com.tr\/tr\/wp-json\/wp\/v2\/pages\/106\/revisions\/379"}],"wp:attachment":[{"href":"https:\/\/globalpartners.com.tr\/tr\/wp-json\/wp\/v2\/media?parent=106"}],"curies":[{"name":"wp","href":"https:\/\/api.w.org\/{rel}","templated":true}]}}